{"id":24328,"date":"2024-06-25T20:28:00","date_gmt":"2024-06-25T18:28:00","guid":{"rendered":"https:\/\/www.german-workout.com\/quyen-huy\/"},"modified":"2024-10-18T21:10:22","modified_gmt":"2024-10-18T19:10:22","slug":"quyen-huy","status":"publish","type":"page","link":"https:\/\/www.german-workout.com\/vi\/quyen-huy\/","title":{"rendered":"Quy\u1ec1n h\u1ee7y"},"content":{"rendered":"\t\t<div data-elementor-type=\"wp-page\" data-elementor-id=\"24328\" class=\"elementor elementor-24328 elementor-18053\" data-elementor-post-type=\"page\">\n\t\t\t\t<div class=\"elementor-element elementor-element-d362619 e-flex e-con-boxed e-con e-parent\" data-id=\"d362619\" data-element_type=\"container\" data-e-type=\"container\">\n\t\t\t\t\t<div class=\"e-con-inner\">\n\t\t\t\t<div class=\"elementor-element elementor-element-d78e370 elementor-widget elementor-widget-text-editor\" data-id=\"d78e370\" data-element_type=\"widget\" data-e-type=\"widget\" data-widget_type=\"text-editor.default\">\n\t\t\t\t<div class=\"elementor-widget-container\">\n\t\t\t\t\t\t\t\t\t<p><span style=\"text-decoration: underline;\">Ch\u00ednh s\u00e1ch h\u1ee7y<\/span><\/p>\n<p>Ch\u00ednh s\u00e1ch h\u1ee7y theo Ph\u1ee5 l\u1ee5c 1 c\u1ee7a EGBGB \u0111\u1ebfn \u0110i\u1ec1u 246a \u00a7 1 \u0111o\u1ea1n 2 c\u00e2u 2 Tham kh\u1ea3o: BGBl. I 2013, 3642 &#8211; 3670   <\/p>\n\t\t\t\t\t\t\t\t<\/div>\n\t\t\t\t<\/div>\n\t\t\t\t<div class=\"elementor-element elementor-element-f206d3f elementor-widget elementor-widget-heading\" data-id=\"f206d3f\" data-element_type=\"widget\" data-e-type=\"widget\" data-widget_type=\"heading.default\">\n\t\t\t\t<div class=\"elementor-widget-container\">\n\t\t\t\t\t<h2 class=\"elementor-heading-title elementor-size-default\">Ch\u00ednh s\u00e1ch h\u1ee7y<\/h2>\t\t\t\t<\/div>\n\t\t\t\t<\/div>\n\t\t\t\t<div class=\"elementor-element elementor-element-9af6e0b elementor-widget elementor-widget-text-editor\" data-id=\"9af6e0b\" data-element_type=\"widget\" data-e-type=\"widget\" data-widget_type=\"text-editor.default\">\n\t\t\t\t<div class=\"elementor-widget-container\">\n\t\t\t\t\t\t\t\t\t<p><strong>Quy\u1ec1n h\u1ee7y<\/strong><\/p>\n<p>B\u1ea1n c\u00f3 quy\u1ec1n r\u00fat kh\u1ecfi h\u1ee3p \u0111\u1ed3ng n\u00e0y trong v\u00f2ng m\u01b0\u1eddi b\u1ed1n ng\u00e0y m\u00e0 kh\u00f4ng c\u1ea7n \u0111\u01b0a ra b\u1ea5t k\u1ef3 l\u00fd do n\u00e0o.<\/p>\n<p>The withdrawal period is fourteen days from the date of conclusion of the contract.<br \/>\nTo exercise your right of withdrawal, you must contact us, <\/p>\n<p><strong>3T-Sprachworkout,<\/strong> Urbanstra\u00dfe 71, 3. Hof, 4. TRH. 1.OG, 10967 Berlin, Tel. +49 (0) 30 65862467, info@german-workout.com,     <\/p>\n<p>v\u00e0 cho ch\u00fang t\u00f4i bi\u1ebft v\u1ec1 quy\u1ebft \u0111\u1ecbnh r\u00fat kh\u1ecfi h\u1ee3p \u0111\u1ed3ng n\u00e0y c\u1ee7a b\u1ea1n b\u1eb1ng m\u1ed9t tuy\u00ean b\u1ed1 r\u00f5 r\u00e0ng (v\u00ed d\u1ee5: th\u01b0 \u0111\u01b0\u1ee3c g\u1eedi qua \u0111\u01b0\u1eddng b\u01b0u \u0111i\u1ec7n ho\u1eb7c e-mail). B\u1ea1n c\u00f3 th\u1ec3 s\u1eed d\u1ee5ng <a href=\"https:\/\/www.german-workout.com\/wp-content\/uploads\/2024\/07\/Muster-Widerrufsformular.pdf\" target=\"_blank\" rel=\"noopener\">bi\u1ec3u m\u1eabu r\u00fat ti\u1ec1n m\u1eabu<\/a> \u0111\u01b0\u1ee3c li\u00ean k\u1ebft t\u1ea1i \u0111\u00e2y, nh\u01b0ng \u0111i\u1ec1u n\u00e0y kh\u00f4ng b\u1eaft bu\u1ed9c.  <\/p>\n<p><span style=\"text-align: var(--text-align);\">B\u1ea1n c\u0169ng c\u00f3 th\u1ec3 \u0111i\u1ec1n \u0111i\u1ec7n t\u1eed v\u00e0 g\u1eedi m\u1eabu \u0111\u01a1n r\u00fat ti\u1ec1n m\u1eabu ho\u1eb7c m\u1ed9t t\u1edd khai r\u00f5 r\u00e0ng kh\u00e1c tr\u00ean trang web c\u1ee7a ch\u00fang t\u00f4i t\u1ea1i: <a href=\"https:\/\/www.german-workout.com\/widerrufsformular\">https:\/\/www.german-workout.com\/widerrufsformular<\/a>. N\u1ebfu b\u1ea1n s\u1eed d\u1ee5ng t\u00f9y ch\u1ecdn n\u00e0y, ch\u00fang t\u00f4i s\u1ebd ngay l\u1eadp t\u1ee9c g\u1eedi cho b\u1ea1n x\u00e1c nh\u1eadn \u0111\u00e3 nh\u1eadn \u0111\u01b0\u1ee3c kho\u1ea3n r\u00fat ti\u1ec1n \u0111\u00f3 (v\u00ed d\u1ee5: qua e-mail).  <\/span><\/p>\n<p>\u0110\u1ec3 \u0111\u00e1p \u1ee9ng th\u1eddi h\u1ea1n r\u00fat ti\u1ec1n, b\u1ea1n ch\u1ec9 c\u1ea7n g\u1eedi th\u00f4ng b\u00e1o v\u1ec1 vi\u1ec7c th\u1ef1c hi\u1ec7n quy\u1ec1n r\u00fat ti\u1ec1n c\u1ee7a m\u00ecnh tr\u01b0\u1edbc khi h\u1ebft th\u1eddi h\u1ea1n r\u00fat ti\u1ec1n.<\/p>\n\t\t\t\t\t\t\t\t<\/div>\n\t\t\t\t<\/div>\n\t\t\t\t<div class=\"elementor-element elementor-element-e2323bd elementor-widget elementor-widget-text-editor\" data-id=\"e2323bd\" data-element_type=\"widget\" data-e-type=\"widget\" data-widget_type=\"text-editor.default\">\n\t\t\t\t<div class=\"elementor-widget-container\">\n\t\t\t\t\t\t\t\t\t<p><strong>H\u1eadu qu\u1ea3 c\u1ee7a vi\u1ec7c thu h\u1ed3i<\/strong><\/p>\n<p>N\u1ebfu b\u1ea1n r\u00fat kh\u1ecfi h\u1ee3p \u0111\u1ed3ng n\u00e0y, ch\u00fang t\u00f4i s\u1ebd ho\u00e0n tr\u1ea3 cho b\u1ea1n t\u1ea5t c\u1ea3 c\u00e1c kho\u1ea3n thanh to\u00e1n nh\u1eadn \u0111\u01b0\u1ee3c t\u1eeb b\u1ea1n, bao g\u1ed3m c\u1ea3 chi ph\u00ed giao h\u00e0ng (ngo\u1ea1i tr\u1eeb c\u00e1c chi ph\u00ed b\u1ed5 sung do b\u1ea1n ch\u1ecdn h\u00ecnh th\u1ee9c giao h\u00e0ng kh\u00e1c v\u1edbi lo\u1ea1i giao h\u00e0ng ti\u00eau chu\u1ea9n \u00edt t\u1ed1n k\u00e9m nh\u1ea5t do ch\u00fang t\u00f4i cung c\u1ea5p), kh\u00f4ng ch\u1eadm tr\u1ec5 qu\u00e1 m\u1ee9c v\u00e0 trong m\u1ecdi tr\u01b0\u1eddng h\u1ee3p kh\u00f4ng mu\u1ed9n h\u01a1n 14 ng\u00e0y k\u1ec3 t\u1eeb ng\u00e0y ch\u00fang t\u00f4i \u0111\u01b0\u1ee3c th\u00f4ng b\u00e1o v\u1ec1 quy\u1ebft \u0111\u1ecbnh r\u00fat ti\u1ec1n c\u1ee7a b\u1ea1n h\u1ee3p \u0111\u1ed3ng n\u00e0y. \u0110\u1ed1i v\u1edbi kho\u1ea3n ho\u00e0n tr\u1ea3 n\u00e0y, ch\u00fang t\u00f4i s\u1ebd s\u1eed d\u1ee5ng c\u00f9ng m\u1ed9t ph\u01b0\u01a1ng th\u1ee9c thanh to\u00e1n m\u00e0 b\u1ea1n \u0111\u00e3 s\u1eed d\u1ee5ng cho giao d\u1ecbch ban \u0111\u1ea7u, tr\u1eeb khi c\u00f3 th\u1ecfa thu\u1eadn r\u00f5 r\u00e0ng kh\u00e1c v\u1edbi b\u1ea1n; Trong m\u1ecdi tr\u01b0\u1eddng h\u1ee3p, b\u1ea1n s\u1ebd kh\u00f4ng b\u1ecb t\u00ednh b\u1ea5t k\u1ef3 kho\u1ea3n ph\u00ed n\u00e0o cho kho\u1ea3n ho\u00e0n tr\u1ea3 n\u00e0y.  <\/p>\n<p>N\u1ebfu b\u1ea1n \u0111\u00e3 y\u00eau c\u1ea7u c\u00e1c d\u1ecbch v\u1ee5 b\u1eaft \u0111\u1ea7u trong th\u1eddi gian r\u00fat ti\u1ec1n, b\u1ea1n s\u1ebd thanh to\u00e1n cho ch\u00fang t\u00f4i m\u1ed9t s\u1ed1 ti\u1ec1n h\u1ee3p l\u00fd t\u01b0\u01a1ng \u1ee9ng v\u1edbi t\u1ef7 l\u1ec7 d\u1ecbch v\u1ee5 \u0111\u00e3 \u0111\u01b0\u1ee3c cung c\u1ea5p cho \u0111\u1ebfn th\u1eddi \u0111i\u1ec3m b\u1ea1n th\u00f4ng b\u00e1o cho ch\u00fang t\u00f4i v\u1ec1 vi\u1ec7c th\u1ef1c hi\u1ec7n quy\u1ec1n r\u00fat ti\u1ec1n li\u00ean quan \u0111\u1ebfn h\u1ee3p \u0111\u1ed3ng n\u00e0y so v\u1edbi t\u1ed5ng ph\u1ea1m vi d\u1ecbch v\u1ee5 \u0111\u01b0\u1ee3c cung c\u1ea5p trong h\u1ee3p \u0111\u1ed3ng.<\/p>\n\t\t\t\t\t\t\t\t<\/div>\n\t\t\t\t<\/div>\n\t\t\t\t\t<\/div>\n\t\t\t\t<\/div>\n\t\t<div class=\"elementor-element elementor-element-b993391 e-flex e-con-boxed e-con e-parent\" data-id=\"b993391\" data-element_type=\"container\" data-e-type=\"container\">\n\t\t\t\t\t<div class=\"e-con-inner\">\n\t\t\t\t<div class=\"elementor-element elementor-element-71a5bc7 elementor-widget elementor-widget-spacer\" data-id=\"71a5bc7\" data-element_type=\"widget\" data-e-type=\"widget\" data-widget_type=\"spacer.default\">\n\t\t\t\t<div class=\"elementor-widget-container\">\n\t\t\t\t\t\t\t<div class=\"elementor-spacer\">\n\t\t\t<div class=\"elementor-spacer-inner\"><\/div>\n\t\t<\/div>\n\t\t\t\t\t\t<\/div>\n\t\t\t\t<\/div>\n\t\t\t\t\t<\/div>\n\t\t\t\t<\/div>\n\t\t\t\t<\/div>\n\t\t","protected":false},"excerpt":{"rendered":"<p>Ch\u00ednh s\u00e1ch h\u1ee7y Ch\u00ednh s\u00e1ch h\u1ee7y theo Ph\u1ee5 l\u1ee5c 1 c\u1ee7a EGBGB \u0111\u1ebfn \u0110i\u1ec1u 246a \u00a7 1 \u0111o\u1ea1n 2 c\u00e2u 2 Tham kh\u1ea3o: BGBl. I 2013, 3642 &#8211; 3670 Ch\u00ednh s\u00e1ch h\u1ee7y Quy\u1ec1n h\u1ee7y B\u1ea1n c\u00f3 quy\u1ec1n r\u00fat kh\u1ecfi h\u1ee3p \u0111\u1ed3ng n\u00e0y trong v\u00f2ng m\u01b0\u1eddi b\u1ed1n ng\u00e0y m\u00e0 kh\u00f4ng c\u1ea7n \u0111\u01b0a ra b\u1ea5t k\u1ef3 l\u00fd [&hellip;]<\/p>\n","protected":false},"author":1,"featured_media":0,"parent":0,"menu_order":0,"comment_status":"closed","ping_status":"closed","template":"","meta":{"_sitemap_exclude":false,"_sitemap_priority":"","_sitemap_frequency":"","footnotes":""},"class_list":["post-24328","page","type-page","status-publish","hentry"],"yoast_head":"<!-- This site is optimized with the Yoast SEO plugin v27.4 - https:\/\/yoast.com\/product\/yoast-seo-wordpress\/ -->\n<title>Quy\u1ec1n h\u1ee7y<\/title>\n<meta name=\"description\" content=\"German-Workout\" \/>\n<meta name=\"robots\" content=\"index, follow, max-snippet:-1, max-image-preview:large, max-video-preview:-1\" \/>\n<link rel=\"canonical\" href=\"https:\/\/www.german-workout.com\/vi\/quyen-huy\/\" \/>\n<meta property=\"og:locale\" content=\"vi_VN\" \/>\n<meta property=\"og:type\" content=\"article\" \/>\n<meta property=\"og:title\" content=\"Quy\u1ec1n h\u1ee7y\" \/>\n<meta property=\"og:description\" content=\"German-Workout\" \/>\n<meta property=\"og:url\" content=\"https:\/\/www.german-workout.com\/vi\/quyen-huy\/\" \/>\n<meta property=\"og:site_name\" content=\"German-Workout\" \/>\n<meta property=\"article:publisher\" content=\"https:\/\/www.facebook.com\/german.workout\/\" \/>\n<meta property=\"article:modified_time\" content=\"2024-10-18T19:10:22+00:00\" \/>\n<meta property=\"og:image\" content=\"https:\/\/www.german-workout.com\/wp-content\/uploads\/2024\/05\/German-Workout-Logo-full.png\" \/>\n\t<meta property=\"og:image:width\" content=\"997\" \/>\n\t<meta property=\"og:image:height\" content=\"608\" \/>\n\t<meta property=\"og:image:type\" content=\"image\/png\" \/>\n<meta name=\"twitter:card\" content=\"summary_large_image\" \/>\n<meta name=\"twitter:label1\" content=\"Est. reading time\" \/>\n\t<meta name=\"twitter:data1\" content=\"4 minutes\" \/>\n<script type=\"application\/ld+json\" class=\"yoast-schema-graph\">{\"@context\":\"https:\\\/\\\/schema.org\",\"@graph\":[{\"@type\":\"WebPage\",\"@id\":\"https:\\\/\\\/www.german-workout.com\\\/vi\\\/quyen-huy\\\/\",\"url\":\"https:\\\/\\\/www.german-workout.com\\\/vi\\\/quyen-huy\\\/\",\"name\":\"Quy\u1ec1n h\u1ee7y\",\"isPartOf\":{\"@id\":\"https:\\\/\\\/www.german-workout.com\\\/vi\\\/#website\"},\"datePublished\":\"2024-06-25T18:28:00+00:00\",\"dateModified\":\"2024-10-18T19:10:22+00:00\",\"description\":\"German-Workout\",\"breadcrumb\":{\"@id\":\"https:\\\/\\\/www.german-workout.com\\\/vi\\\/quyen-huy\\\/#breadcrumb\"},\"inLanguage\":\"vi-VN\",\"potentialAction\":[{\"@type\":\"ReadAction\",\"target\":[\"https:\\\/\\\/www.german-workout.com\\\/vi\\\/quyen-huy\\\/\"]}]},{\"@type\":\"BreadcrumbList\",\"@id\":\"https:\\\/\\\/www.german-workout.com\\\/vi\\\/quyen-huy\\\/#breadcrumb\",\"itemListElement\":[{\"@type\":\"ListItem\",\"position\":1,\"name\":\"Home\",\"item\":\"https:\\\/\\\/www.german-workout.com\\\/vi\\\/\"},{\"@type\":\"ListItem\",\"position\":2,\"name\":\"Quy\u1ec1n h\u1ee7y\"}]},{\"@type\":\"WebSite\",\"@id\":\"https:\\\/\\\/www.german-workout.com\\\/vi\\\/#website\",\"url\":\"https:\\\/\\\/www.german-workout.com\\\/vi\\\/\",\"name\":\"German-Workout\",\"description\":\"Your German language training platform\",\"publisher\":{\"@id\":\"https:\\\/\\\/www.german-workout.com\\\/vi\\\/#organization\"},\"potentialAction\":[{\"@type\":\"SearchAction\",\"target\":{\"@type\":\"EntryPoint\",\"urlTemplate\":\"https:\\\/\\\/www.german-workout.com\\\/vi\\\/?s={search_term_string}\"},\"query-input\":{\"@type\":\"PropertyValueSpecification\",\"valueRequired\":true,\"valueName\":\"search_term_string\"}}],\"inLanguage\":\"vi-VN\"},{\"@type\":\"Organization\",\"@id\":\"https:\\\/\\\/www.german-workout.com\\\/vi\\\/#organization\",\"name\":\"German-Workout\",\"url\":\"https:\\\/\\\/www.german-workout.com\\\/vi\\\/\",\"logo\":{\"@type\":\"ImageObject\",\"inLanguage\":\"vi-VN\",\"@id\":\"https:\\\/\\\/www.german-workout.com\\\/vi\\\/#\\\/schema\\\/logo\\\/image\\\/\",\"url\":\"https:\\\/\\\/www.german-workout.com\\\/wp-content\\\/uploads\\\/2024\\\/04\\\/Logo-End1.png\",\"contentUrl\":\"https:\\\/\\\/www.german-workout.com\\\/wp-content\\\/uploads\\\/2024\\\/04\\\/Logo-End1.png\",\"width\":698,\"height\":608,\"caption\":\"German-Workout\"},\"image\":{\"@id\":\"https:\\\/\\\/www.german-workout.com\\\/vi\\\/#\\\/schema\\\/logo\\\/image\\\/\"},\"sameAs\":[\"https:\\\/\\\/www.facebook.com\\\/german.workout\\\/\"]}]}<\/script>\n<!-- \/ Yoast SEO plugin. -->","yoast_head_json":{"title":"Quy\u1ec1n h\u1ee7y","description":"German-Workout","robots":{"index":"index","follow":"follow","max-snippet":"max-snippet:-1","max-image-preview":"max-image-preview:large","max-video-preview":"max-video-preview:-1"},"canonical":"https:\/\/www.german-workout.com\/vi\/quyen-huy\/","og_locale":"vi_VN","og_type":"article","og_title":"Quy\u1ec1n h\u1ee7y","og_description":"German-Workout","og_url":"https:\/\/www.german-workout.com\/vi\/quyen-huy\/","og_site_name":"German-Workout","article_publisher":"https:\/\/www.facebook.com\/german.workout\/","article_modified_time":"2024-10-18T19:10:22+00:00","og_image":[{"width":997,"height":608,"url":"https:\/\/www.german-workout.com\/wp-content\/uploads\/2024\/05\/German-Workout-Logo-full.png","type":"image\/png"}],"twitter_card":"summary_large_image","twitter_misc":{"Est. reading time":"4 minutes"},"schema":{"@context":"https:\/\/schema.org","@graph":[{"@type":"WebPage","@id":"https:\/\/www.german-workout.com\/vi\/quyen-huy\/","url":"https:\/\/www.german-workout.com\/vi\/quyen-huy\/","name":"Quy\u1ec1n h\u1ee7y","isPartOf":{"@id":"https:\/\/www.german-workout.com\/vi\/#website"},"datePublished":"2024-06-25T18:28:00+00:00","dateModified":"2024-10-18T19:10:22+00:00","description":"German-Workout","breadcrumb":{"@id":"https:\/\/www.german-workout.com\/vi\/quyen-huy\/#breadcrumb"},"inLanguage":"vi-VN","potentialAction":[{"@type":"ReadAction","target":["https:\/\/www.german-workout.com\/vi\/quyen-huy\/"]}]},{"@type":"BreadcrumbList","@id":"https:\/\/www.german-workout.com\/vi\/quyen-huy\/#breadcrumb","itemListElement":[{"@type":"ListItem","position":1,"name":"Home","item":"https:\/\/www.german-workout.com\/vi\/"},{"@type":"ListItem","position":2,"name":"Quy\u1ec1n h\u1ee7y"}]},{"@type":"WebSite","@id":"https:\/\/www.german-workout.com\/vi\/#website","url":"https:\/\/www.german-workout.com\/vi\/","name":"German-Workout","description":"Your German language training platform","publisher":{"@id":"https:\/\/www.german-workout.com\/vi\/#organization"},"potentialAction":[{"@type":"SearchAction","target":{"@type":"EntryPoint","urlTemplate":"https:\/\/www.german-workout.com\/vi\/?s={search_term_string}"},"query-input":{"@type":"PropertyValueSpecification","valueRequired":true,"valueName":"search_term_string"}}],"inLanguage":"vi-VN"},{"@type":"Organization","@id":"https:\/\/www.german-workout.com\/vi\/#organization","name":"German-Workout","url":"https:\/\/www.german-workout.com\/vi\/","logo":{"@type":"ImageObject","inLanguage":"vi-VN","@id":"https:\/\/www.german-workout.com\/vi\/#\/schema\/logo\/image\/","url":"https:\/\/www.german-workout.com\/wp-content\/uploads\/2024\/04\/Logo-End1.png","contentUrl":"https:\/\/www.german-workout.com\/wp-content\/uploads\/2024\/04\/Logo-End1.png","width":698,"height":608,"caption":"German-Workout"},"image":{"@id":"https:\/\/www.german-workout.com\/vi\/#\/schema\/logo\/image\/"},"sameAs":["https:\/\/www.facebook.com\/german.workout\/"]}]}},"_links":{"self":[{"href":"https:\/\/www.german-workout.com\/vi\/wp-json\/wp\/v2\/pages\/24328","targetHints":{"allow":["GET"]}}],"collection":[{"href":"https:\/\/www.german-workout.com\/vi\/wp-json\/wp\/v2\/pages"}],"about":[{"href":"https:\/\/www.german-workout.com\/vi\/wp-json\/wp\/v2\/types\/page"}],"author":[{"embeddable":true,"href":"https:\/\/www.german-workout.com\/vi\/wp-json\/wp\/v2\/users\/1"}],"replies":[{"embeddable":true,"href":"https:\/\/www.german-workout.com\/vi\/wp-json\/wp\/v2\/comments?post=24328"}],"version-history":[{"count":0,"href":"https:\/\/www.german-workout.com\/vi\/wp-json\/wp\/v2\/pages\/24328\/revisions"}],"wp:attachment":[{"href":"https:\/\/www.german-workout.com\/vi\/wp-json\/wp\/v2\/media?parent=24328"}],"curies":[{"name":"wp","href":"https:\/\/api.w.org\/{rel}","templated":true}]}}