{"id":24326,"date":"2024-07-12T13:22:37","date_gmt":"2024-07-12T11:22:37","guid":{"rendered":"https:\/\/www.german-workout.com\/hinh-thuc-thu-hoi\/"},"modified":"2024-10-18T21:06:57","modified_gmt":"2024-10-18T19:06:57","slug":"hinh-thuc-thu-hoi","status":"publish","type":"page","link":"https:\/\/www.german-workout.com\/vi\/hinh-thuc-thu-hoi\/","title":{"rendered":"H\u00ecnh th\u1ee9c thu h\u1ed3i"},"content":{"rendered":"\t\t<div data-elementor-type=\"wp-page\" data-elementor-id=\"24326\" class=\"elementor elementor-24326 elementor-17954\" data-elementor-post-type=\"page\">\n\t\t\t\t<div class=\"elementor-element elementor-element-0cc0d5e e-flex e-con-boxed e-con e-parent\" data-id=\"0cc0d5e\" data-element_type=\"container\" data-e-type=\"container\">\n\t\t\t\t\t<div class=\"e-con-inner\">\n\t\t\t\t<div class=\"elementor-element elementor-element-ba52310 elementor-widget elementor-widget-text-editor\" data-id=\"ba52310\" data-element_type=\"widget\" data-e-type=\"widget\" data-widget_type=\"text-editor.default\">\n\t\t\t\t<div class=\"elementor-widget-container\">\n\t\t\t\t\t\t\t\t\t<p>Tr\u00ean trang n\u00e0y, b\u1ea1n c\u00f3 th\u1ec3 \u0111\u1eb7t l\u1ecbch h\u1eb9n v\u1edbi 3T-Sprachworkout (Urbanstra\u00dfe 71, 3. Hof, 4. TRH. 1.OG, 10967 Berlin) theo c\u00e1c \u0111i\u1ec1u ki\u1ec7n \u0111\u01b0\u1ee3c ghi trong <a href=\"https:\/\/www.german-workout.com\/widerrufsrecht\/\" target=\"_blank\" rel=\"noopener\">ch\u00ednh s\u00e1ch thu h\u1ed3i<\/a> c\u1ee7a ch\u00fang t\u00f4i.    <\/p>\n<p><em>N\u1ebfu b\u1ea1n mu\u1ed1n h\u1ee7y h\u1ee3p \u0111\u1ed3ng, vui l\u00f2ng \u0111i\u1ec1n v\u00e0o bi\u1ec3u m\u1eabu n\u00e0y v\u00e0 g\u1eedi l\u1ea1i cho ch\u00fang t\u00f4i b\u1eb1ng c\u00e1ch nh\u1ea5p v\u00e0o n\u00fat &#8220;G\u1eedi&#8221;. Sau \u0111\u00f3, b\u1ea1n s\u1ebd nh\u1eadn \u0111\u01b0\u1ee3c m\u1ed9t b\u1ea3n sao c\u1ee7a tin nh\u1eafn b\u1ea1n \u0111\u00e3 g\u1eedi. Vui l\u00f2ng ki\u1ec3m tra th\u01b0 m\u1ee5c spam \/ r\u00e1c c\u1ee7a b\u1ea1n n\u1ebfu b\u1ea1n kh\u00f4ng th\u1ec3 t\u00ecm th\u1ea5y th\u01b0 trong h\u1ed9p th\u01b0 \u0111\u1ebfn c\u1ee7a m\u00ecnh.   <\/em><\/p>\n\t\t\t\t\t\t\t\t<\/div>\n\t\t\t\t<\/div>\n\t\t\t\t<div class=\"elementor-element elementor-element-c0452a2 elementor-button-align-stretch elementor-widget elementor-widget-form\" data-id=\"c0452a2\" data-element_type=\"widget\" data-e-type=\"widget\" data-settings=\"{&quot;step_next_label&quot;:&quot;Sau&quot;,&quot;step_previous_label&quot;:&quot;Tr\\u01b0\\u1edbc&quot;,&quot;button_width&quot;:&quot;100&quot;,&quot;step_type&quot;:&quot;number_text&quot;,&quot;step_icon_shape&quot;:&quot;circle&quot;}\" data-widget_type=\"form.default\">\n\t\t\t\t<div class=\"elementor-widget-container\">\n\t\t\t\t\t\t\t<form class=\"elementor-form\" method=\"post\" name=\"Bi\u1ec3u m\u1eabu m\u1edbi\" aria-label=\"Bi\u1ec3u m\u1eabu m\u1edbi\">\n\t\t\t<input type=\"hidden\" name=\"post_id\" value=\"24326\"\/>\n\t\t\t<input type=\"hidden\" name=\"form_id\" value=\"c0452a2\"\/>\n\t\t\t<input type=\"hidden\" name=\"referer_title\" value=\"German-Workout\" \/>\n\n\t\t\t\n\t\t\t<div class=\"elementor-form-fields-wrapper elementor-labels-above\">\n\t\t\t\t\t\t\t\t<div class=\"elementor-field-type-textarea elementor-field-group elementor-column elementor-field-group-name elementor-col-100 elementor-field-required elementor-mark-required\">\n\t\t\t\t\t\t\t\t\t\t\t\t<label for=\"form-field-name\" class=\"elementor-field-label\">\n\t\t\t\t\t\t\t\tT\u00f4i xin h\u1ee7y b\u1ecf h\u1ee3p \u0111\u1ed3ng do t\u00f4i k\u00fd k\u1ebft \u0111\u1ec3 cung c\u1ea5p (c\u00e1c) d\u1ecbch v\u1ee5 sau\t\t\t\t\t\t\t<\/label>\n\t\t\t\t\t\t<textarea class=\"elementor-field-textual elementor-field  elementor-size-sm\" name=\"form_fields[name]\" id=\"form-field-name\" rows=\"4\" placeholder=\"Service\" required=\"required\"><\/textarea>\t\t\t\t<\/div>\n\t\t\t\t\t\t\t\t<div class=\"elementor-field-type-date elementor-field-group elementor-column elementor-field-group-field_b4571ce elementor-col-100 elementor-field-required elementor-mark-required\">\n\t\t\t\t\t\t\t\t\t\t\t\t<label for=\"form-field-field_b4571ce\" class=\"elementor-field-label\">\n\t\t\t\t\t\t\t\t\u0110\u1eb7t h\u00e0ng \/ \u0111\u1eb7t g\u00f3i luy\u1ec7n\t\t\t\t\t\t\t<\/label>\n\t\t\t\t\t\t\n\t\t<input type=\"date\" name=\"form_fields[field_b4571ce]\" id=\"form-field-field_b4571ce\" class=\"elementor-field elementor-size-sm  elementor-field-textual elementor-date-field\" placeholder=\"Ng\u00e0y\" required=\"required\" pattern=\"[0-9]{4}-[0-9]{2}-[0-9]{2}\">\n\t\t\t\t\t\t<\/div>\n\t\t\t\t\t\t\t\t<div class=\"elementor-field-type-text elementor-field-group elementor-column elementor-field-group-field_cbc31d9 elementor-col-100 elementor-field-required elementor-mark-required\">\n\t\t\t\t\t\t\t\t\t\t\t\t<label for=\"form-field-field_cbc31d9\" class=\"elementor-field-label\">\n\t\t\t\t\t\t\t\tT\u00ean c\u1ee7a ng\u01b0\u1eddi ti\u00eau d\u00f9ng\t\t\t\t\t\t\t<\/label>\n\t\t\t\t\t\t\t\t\t\t\t\t\t\t<input size=\"1\" type=\"text\" name=\"form_fields[field_cbc31d9]\" id=\"form-field-field_cbc31d9\" class=\"elementor-field elementor-size-sm  elementor-field-textual\" placeholder=\"T\u00ean H\u1ecd\" required=\"required\">\n\t\t\t\t\t\t\t\t\t\t\t<\/div>\n\t\t\t\t\t\t\t\t<div class=\"elementor-field-type-textarea elementor-field-group elementor-column elementor-field-group-field_ba13bed elementor-col-100 elementor-field-required elementor-mark-required\">\n\t\t\t\t\t\t\t\t\t\t\t\t<label for=\"form-field-field_ba13bed\" class=\"elementor-field-label\">\n\t\t\t\t\t\t\t\t\u0110\u1ecba ch\u1ec9 c\u1ee7a ng\u01b0\u1eddi ti\u00eau d\u00f9ng\t\t\t\t\t\t\t<\/label>\n\t\t\t\t\t\t<textarea class=\"elementor-field-textual elementor-field  elementor-size-sm\" name=\"form_fields[field_ba13bed]\" id=\"form-field-field_ba13bed\" rows=\"4\" placeholder=\"Vui l\u00f2ng cung c\u1ea5p \u0111\u1ecba ch\u1ec9 \u0111\u1ea7y \u0111\u1ee7 (\u0111\u01b0\u1eddng ph\u1ed1, s\u1ed1 nh\u00e0, m\u00e3 zip, th\u1ecb tr\u1ea5n, qu\u1ed1c gia) \" required=\"required\"><\/textarea>\t\t\t\t<\/div>\n\t\t\t\t\t\t\t\t<div class=\"elementor-field-type-email elementor-field-group elementor-column elementor-field-group-email elementor-col-100 elementor-field-required elementor-mark-required\">\n\t\t\t\t\t\t\t\t\t\t\t\t<label for=\"form-field-email\" class=\"elementor-field-label\">\n\t\t\t\t\t\t\t\tE-mail address\t\t\t\t\t\t\t<\/label>\n\t\t\t\t\t\t\t\t\t\t\t\t\t\t<input size=\"1\" type=\"email\" name=\"form_fields[email]\" id=\"form-field-email\" class=\"elementor-field elementor-size-sm  elementor-field-textual\" placeholder=\"e-mail\" required=\"required\">\n\t\t\t\t\t\t\t\t\t\t\t<\/div>\n\t\t\t\t\t\t\t\t<div class=\"elementor-field-type-textarea elementor-field-group elementor-column elementor-field-group-message elementor-col-100\">\n\t\t\t\t\t\t\t\t\t\t\t\t<label for=\"form-field-message\" class=\"elementor-field-label\">\n\t\t\t\t\t\t\t\tTin nh\u1eafn t\u00f9y ch\u1ecdn\t\t\t\t\t\t\t<\/label>\n\t\t\t\t\t\t<textarea class=\"elementor-field-textual elementor-field  elementor-size-sm\" name=\"form_fields[message]\" id=\"form-field-message\" rows=\"4\" placeholder=\"Tin\"><\/textarea>\t\t\t\t<\/div>\n\t\t\t\t\t\t\t\t<div class=\"elementor-field-type-recaptcha_v3 elementor-field-group elementor-column elementor-field-group-field_4e3725d elementor-col-100 recaptcha_v3-inline\">\n\t\t\t\t\t<div class=\"elementor-field\" id=\"form-field-field_4e3725d\"><div class=\"elementor-g-recaptcha\" data-sitekey=\"6Lee7rApAAAAAOyuA4hbZDimuh5IcmKKnPNc643E\" data-type=\"v3\" data-action=\"Form\" data-badge=\"inline\" data-size=\"invisible\"><\/div><\/div>\t\t\t\t<\/div>\n\t\t\t\t\t\t\t\t<div class=\"elementor-field-group elementor-column elementor-field-type-submit elementor-col-100 e-form__buttons\">\n\t\t\t\t\t<button class=\"elementor-button elementor-size-sm\" type=\"submit\">\n\t\t\t\t\t\t<span class=\"elementor-button-content-wrapper\">\n\t\t\t\t\t\t\t\t\t\t\t\t\t\t\t\t\t\t\t\t\t\t<span class=\"elementor-button-text\">G\u1eedi<\/span>\n\t\t\t\t\t\t\t\t\t\t\t\t\t<\/span>\n\t\t\t\t\t<\/button>\n\t\t\t\t<\/div>\n\t\t\t<\/div>\n\t\t<\/form>\n\t\t\t\t\t\t<\/div>\n\t\t\t\t<\/div>\n\t\t\t\t<div class=\"elementor-element elementor-element-838dfa2 elementor-widget elementor-widget-spacer\" data-id=\"838dfa2\" data-element_type=\"widget\" data-e-type=\"widget\" data-widget_type=\"spacer.default\">\n\t\t\t\t<div class=\"elementor-widget-container\">\n\t\t\t\t\t\t\t<div class=\"elementor-spacer\">\n\t\t\t<div class=\"elementor-spacer-inner\"><\/div>\n\t\t<\/div>\n\t\t\t\t\t\t<\/div>\n\t\t\t\t<\/div>\n\t\t\t\t\t<\/div>\n\t\t\t\t<\/div>\n\t\t\t\t<\/div>\n\t\t","protected":false},"excerpt":{"rendered":"<p>Tr\u00ean trang n\u00e0y, b\u1ea1n c\u00f3 th\u1ec3 \u0111\u1eb7t l\u1ecbch h\u1eb9n v\u1edbi 3T-Sprachworkout (Urbanstra\u00dfe 71, 3. Hof, 4. TRH. 1.OG, 10967 Berlin) theo c\u00e1c \u0111i\u1ec1u ki\u1ec7n \u0111\u01b0\u1ee3c ghi trong ch\u00ednh s\u00e1ch thu h\u1ed3i c\u1ee7a ch\u00fang t\u00f4i. N\u1ebfu b\u1ea1n mu\u1ed1n h\u1ee7y h\u1ee3p \u0111\u1ed3ng, vui l\u00f2ng \u0111i\u1ec1n v\u00e0o bi\u1ec3u m\u1eabu n\u00e0y v\u00e0 g\u1eedi l\u1ea1i cho ch\u00fang t\u00f4i b\u1eb1ng c\u00e1ch [&hellip;]<\/p>\n","protected":false},"author":1,"featured_media":0,"parent":0,"menu_order":0,"comment_status":"closed","ping_status":"closed","template":"","meta":{"_sitemap_exclude":false,"_sitemap_priority":"","_sitemap_frequency":"","footnotes":""},"class_list":["post-24326","page","type-page","status-publish","hentry"],"yoast_head":"<!-- This site is optimized with the Yoast SEO plugin v27.4 - https:\/\/yoast.com\/product\/yoast-seo-wordpress\/ -->\n<title>H\u00ecnh th\u1ee9c thu h\u1ed3i<\/title>\n<meta name=\"description\" content=\"German-Workout\" \/>\n<meta name=\"robots\" content=\"index, follow, max-snippet:-1, max-image-preview:large, max-video-preview:-1\" \/>\n<link rel=\"canonical\" href=\"https:\/\/www.german-workout.com\/vi\/hinh-thuc-thu-hoi\/\" \/>\n<meta property=\"og:locale\" content=\"vi_VN\" \/>\n<meta property=\"og:type\" content=\"article\" \/>\n<meta property=\"og:title\" content=\"H\u00ecnh th\u1ee9c thu h\u1ed3i\" \/>\n<meta property=\"og:description\" content=\"German-Workout\" \/>\n<meta property=\"og:url\" content=\"https:\/\/www.german-workout.com\/vi\/hinh-thuc-thu-hoi\/\" \/>\n<meta property=\"og:site_name\" content=\"German-Workout\" \/>\n<meta property=\"article:publisher\" content=\"https:\/\/www.facebook.com\/german.workout\/\" \/>\n<meta property=\"article:modified_time\" content=\"2024-10-18T19:06:57+00:00\" \/>\n<meta property=\"og:image\" content=\"https:\/\/www.german-workout.com\/wp-content\/uploads\/2024\/05\/German-Workout-Logo-full.png\" \/>\n\t<meta property=\"og:image:width\" content=\"997\" \/>\n\t<meta property=\"og:image:height\" content=\"608\" \/>\n\t<meta property=\"og:image:type\" content=\"image\/png\" \/>\n<meta name=\"twitter:card\" content=\"summary_large_image\" \/>\n<meta name=\"twitter:label1\" content=\"Est. reading time\" \/>\n\t<meta name=\"twitter:data1\" content=\"1 minute\" \/>\n<script type=\"application\/ld+json\" class=\"yoast-schema-graph\">{\"@context\":\"https:\\\/\\\/schema.org\",\"@graph\":[{\"@type\":\"WebPage\",\"@id\":\"https:\\\/\\\/www.german-workout.com\\\/vi\\\/hinh-thuc-thu-hoi\\\/\",\"url\":\"https:\\\/\\\/www.german-workout.com\\\/vi\\\/hinh-thuc-thu-hoi\\\/\",\"name\":\"H\u00ecnh th\u1ee9c thu h\u1ed3i\",\"isPartOf\":{\"@id\":\"https:\\\/\\\/www.german-workout.com\\\/vi\\\/#website\"},\"datePublished\":\"2024-07-12T11:22:37+00:00\",\"dateModified\":\"2024-10-18T19:06:57+00:00\",\"description\":\"German-Workout\",\"breadcrumb\":{\"@id\":\"https:\\\/\\\/www.german-workout.com\\\/vi\\\/hinh-thuc-thu-hoi\\\/#breadcrumb\"},\"inLanguage\":\"vi-VN\",\"potentialAction\":[{\"@type\":\"ReadAction\",\"target\":[\"https:\\\/\\\/www.german-workout.com\\\/vi\\\/hinh-thuc-thu-hoi\\\/\"]}]},{\"@type\":\"BreadcrumbList\",\"@id\":\"https:\\\/\\\/www.german-workout.com\\\/vi\\\/hinh-thuc-thu-hoi\\\/#breadcrumb\",\"itemListElement\":[{\"@type\":\"ListItem\",\"position\":1,\"name\":\"Home\",\"item\":\"https:\\\/\\\/www.german-workout.com\\\/vi\\\/\"},{\"@type\":\"ListItem\",\"position\":2,\"name\":\"H\u00ecnh th\u1ee9c thu h\u1ed3i\"}]},{\"@type\":\"WebSite\",\"@id\":\"https:\\\/\\\/www.german-workout.com\\\/vi\\\/#website\",\"url\":\"https:\\\/\\\/www.german-workout.com\\\/vi\\\/\",\"name\":\"German-Workout\",\"description\":\"Your German language training platform\",\"publisher\":{\"@id\":\"https:\\\/\\\/www.german-workout.com\\\/vi\\\/#organization\"},\"potentialAction\":[{\"@type\":\"SearchAction\",\"target\":{\"@type\":\"EntryPoint\",\"urlTemplate\":\"https:\\\/\\\/www.german-workout.com\\\/vi\\\/?s={search_term_string}\"},\"query-input\":{\"@type\":\"PropertyValueSpecification\",\"valueRequired\":true,\"valueName\":\"search_term_string\"}}],\"inLanguage\":\"vi-VN\"},{\"@type\":\"Organization\",\"@id\":\"https:\\\/\\\/www.german-workout.com\\\/vi\\\/#organization\",\"name\":\"German-Workout\",\"url\":\"https:\\\/\\\/www.german-workout.com\\\/vi\\\/\",\"logo\":{\"@type\":\"ImageObject\",\"inLanguage\":\"vi-VN\",\"@id\":\"https:\\\/\\\/www.german-workout.com\\\/vi\\\/#\\\/schema\\\/logo\\\/image\\\/\",\"url\":\"https:\\\/\\\/www.german-workout.com\\\/wp-content\\\/uploads\\\/2024\\\/04\\\/Logo-End1.png\",\"contentUrl\":\"https:\\\/\\\/www.german-workout.com\\\/wp-content\\\/uploads\\\/2024\\\/04\\\/Logo-End1.png\",\"width\":698,\"height\":608,\"caption\":\"German-Workout\"},\"image\":{\"@id\":\"https:\\\/\\\/www.german-workout.com\\\/vi\\\/#\\\/schema\\\/logo\\\/image\\\/\"},\"sameAs\":[\"https:\\\/\\\/www.facebook.com\\\/german.workout\\\/\"]}]}<\/script>\n<!-- \/ Yoast SEO plugin. -->","yoast_head_json":{"title":"H\u00ecnh th\u1ee9c thu h\u1ed3i","description":"German-Workout","robots":{"index":"index","follow":"follow","max-snippet":"max-snippet:-1","max-image-preview":"max-image-preview:large","max-video-preview":"max-video-preview:-1"},"canonical":"https:\/\/www.german-workout.com\/vi\/hinh-thuc-thu-hoi\/","og_locale":"vi_VN","og_type":"article","og_title":"H\u00ecnh th\u1ee9c thu h\u1ed3i","og_description":"German-Workout","og_url":"https:\/\/www.german-workout.com\/vi\/hinh-thuc-thu-hoi\/","og_site_name":"German-Workout","article_publisher":"https:\/\/www.facebook.com\/german.workout\/","article_modified_time":"2024-10-18T19:06:57+00:00","og_image":[{"width":997,"height":608,"url":"https:\/\/www.german-workout.com\/wp-content\/uploads\/2024\/05\/German-Workout-Logo-full.png","type":"image\/png"}],"twitter_card":"summary_large_image","twitter_misc":{"Est. reading time":"1 minute"},"schema":{"@context":"https:\/\/schema.org","@graph":[{"@type":"WebPage","@id":"https:\/\/www.german-workout.com\/vi\/hinh-thuc-thu-hoi\/","url":"https:\/\/www.german-workout.com\/vi\/hinh-thuc-thu-hoi\/","name":"H\u00ecnh th\u1ee9c thu h\u1ed3i","isPartOf":{"@id":"https:\/\/www.german-workout.com\/vi\/#website"},"datePublished":"2024-07-12T11:22:37+00:00","dateModified":"2024-10-18T19:06:57+00:00","description":"German-Workout","breadcrumb":{"@id":"https:\/\/www.german-workout.com\/vi\/hinh-thuc-thu-hoi\/#breadcrumb"},"inLanguage":"vi-VN","potentialAction":[{"@type":"ReadAction","target":["https:\/\/www.german-workout.com\/vi\/hinh-thuc-thu-hoi\/"]}]},{"@type":"BreadcrumbList","@id":"https:\/\/www.german-workout.com\/vi\/hinh-thuc-thu-hoi\/#breadcrumb","itemListElement":[{"@type":"ListItem","position":1,"name":"Home","item":"https:\/\/www.german-workout.com\/vi\/"},{"@type":"ListItem","position":2,"name":"H\u00ecnh th\u1ee9c thu h\u1ed3i"}]},{"@type":"WebSite","@id":"https:\/\/www.german-workout.com\/vi\/#website","url":"https:\/\/www.german-workout.com\/vi\/","name":"German-Workout","description":"Your German language training platform","publisher":{"@id":"https:\/\/www.german-workout.com\/vi\/#organization"},"potentialAction":[{"@type":"SearchAction","target":{"@type":"EntryPoint","urlTemplate":"https:\/\/www.german-workout.com\/vi\/?s={search_term_string}"},"query-input":{"@type":"PropertyValueSpecification","valueRequired":true,"valueName":"search_term_string"}}],"inLanguage":"vi-VN"},{"@type":"Organization","@id":"https:\/\/www.german-workout.com\/vi\/#organization","name":"German-Workout","url":"https:\/\/www.german-workout.com\/vi\/","logo":{"@type":"ImageObject","inLanguage":"vi-VN","@id":"https:\/\/www.german-workout.com\/vi\/#\/schema\/logo\/image\/","url":"https:\/\/www.german-workout.com\/wp-content\/uploads\/2024\/04\/Logo-End1.png","contentUrl":"https:\/\/www.german-workout.com\/wp-content\/uploads\/2024\/04\/Logo-End1.png","width":698,"height":608,"caption":"German-Workout"},"image":{"@id":"https:\/\/www.german-workout.com\/vi\/#\/schema\/logo\/image\/"},"sameAs":["https:\/\/www.facebook.com\/german.workout\/"]}]}},"_links":{"self":[{"href":"https:\/\/www.german-workout.com\/vi\/wp-json\/wp\/v2\/pages\/24326","targetHints":{"allow":["GET"]}}],"collection":[{"href":"https:\/\/www.german-workout.com\/vi\/wp-json\/wp\/v2\/pages"}],"about":[{"href":"https:\/\/www.german-workout.com\/vi\/wp-json\/wp\/v2\/types\/page"}],"author":[{"embeddable":true,"href":"https:\/\/www.german-workout.com\/vi\/wp-json\/wp\/v2\/users\/1"}],"replies":[{"embeddable":true,"href":"https:\/\/www.german-workout.com\/vi\/wp-json\/wp\/v2\/comments?post=24326"}],"version-history":[{"count":0,"href":"https:\/\/www.german-workout.com\/vi\/wp-json\/wp\/v2\/pages\/24326\/revisions"}],"wp:attachment":[{"href":"https:\/\/www.german-workout.com\/vi\/wp-json\/wp\/v2\/media?parent=24326"}],"curies":[{"name":"wp","href":"https:\/\/api.w.org\/{rel}","templated":true}]}}