{"id":24324,"date":"2024-04-26T15:20:02","date_gmt":"2024-04-26T13:20:02","guid":{"rendered":"https:\/\/www.german-workout.com\/chinh-sach-bao-mat\/"},"modified":"2024-10-18T21:03:12","modified_gmt":"2024-10-18T19:03:12","slug":"chinh-sach-bao-mat","status":"publish","type":"page","link":"https:\/\/www.german-workout.com\/vi\/chinh-sach-bao-mat\/","title":{"rendered":"Ch\u00ednh s\u00e1ch b\u1ea3o m\u1eadt"},"content":{"rendered":"\t\t<div data-elementor-type=\"wp-page\" data-elementor-id=\"24324\" class=\"elementor elementor-24324 elementor-18049\" data-elementor-post-type=\"page\">\n\t\t\t\t<div class=\"elementor-element elementor-element-68d38f9e e-flex e-con-boxed e-con e-parent\" data-id=\"68d38f9e\" data-element_type=\"container\" data-e-type=\"container\">\n\t\t\t\t\t<div class=\"e-con-inner\">\n\t\t\t\t<div class=\"elementor-element elementor-element-5742bfde elementor-widget elementor-widget-text-editor\" data-id=\"5742bfde\" data-element_type=\"widget\" data-e-type=\"widget\" data-widget_type=\"text-editor.default\">\n\t\t\t\t<div class=\"elementor-widget-container\">\n\t\t\t\t\t\t\t\t\t<p>Ch\u00ednh s\u00e1ch b\u1ea3o m\u1eadt cho trang web <strong>www.German-Workout.com<\/strong><\/p>\n<p>C\u1ea3m \u01a1n b\u1ea1n \u0111\u00e3 quan t\u00e2m \u0111\u1ebfn trang web c\u1ee7a ch\u00fang t\u00f4i German-Workout.com (sau \u0111\u00e2y g\u1ecdi l\u00e0 &#8220;trang web&#8221;). Vi\u1ec7c b\u1ea3o v\u1ec7 d\u1eef li\u1ec7u c\u00e1 nh\u00e2n c\u1ee7a b\u1ea1n r\u1ea5t quan tr\u1ecdng \u0111\u1ed1i v\u1edbi ch\u00fang t\u00f4i. D\u01b0\u1edbi \u0111\u00e2y ch\u00fang t\u00f4i th\u00f4ng b\u00e1o cho b\u1ea1n v\u1ec1 vi\u1ec7c x\u1eed l\u00fd d\u1eef li\u1ec7u c\u00e1 nh\u00e2n v\u00e0 c\u00e1c quy\u1ec1n c\u1ee7a b\u1ea1n theo Quy \u0111\u1ecbnh chung v\u1ec1 b\u1ea3o v\u1ec7 d\u1eef li\u1ec7u (GDPR).  <\/p>\n<p><strong>1. B\u00ean ki\u1ec3m so\u00e1t ch\u1ecbu tr\u00e1ch nhi\u1ec7m x\u1eed l\u00fd d\u1eef li\u1ec7u c\u00e1 nh\u00e2n c\u1ee7a b\u1ea1n theo \u00fd c\u1ee7a GDPR l\u00e0:<\/strong><\/p>\n<p><strong>3T-SPRACHWORKOUT<\/strong> <strong>GmbH<\/strong>, Urbanstra\u00dfe 71, 3. Hof, 4.TRH, 1.OG, 10967 Berlin, Germany, e-mail: <a href=\"mailto:info@german-workout.com\" target=\"_new\" rel=\"noreferrer\">info@german-workout.com<\/a> <\/p>\n<p><strong>2. Thu th\u1eadp v\u00e0 x\u1eed l\u00fd d\u1eef li\u1ec7u c\u00e1 nh\u00e2n: <\/strong><\/p>\n<p>a) Khi truy c\u1eadp trang web: M\u1ed7i l\u1ea7n b\u1ea1n truy c\u1eadp trang web c\u1ee7a ch\u00fang t\u00f4i, th\u00f4ng tin \u0111\u01b0\u1ee3c tr\u00ecnh duy\u1ec7t Internet c\u1ee7a thi\u1ebft b\u1ecb cu\u1ed1i c\u1ee7a b\u1ea1n t\u1ef1 \u0111\u1ed9ng g\u1eedi \u0111\u1ebfn m\u00e1y ch\u1ee7 c\u1ee7a trang web c\u1ee7a ch\u00fang t\u00f4i v\u00e0 \u0111\u01b0\u1ee3c l\u01b0u tr\u1eef t\u1ea1m th\u1eddi trong c\u00e1c t\u1ec7p nh\u1eadt k\u00fd.<br \/>\u0110i\u1ec1u n\u00e0y li\u00ean quan \u0111\u1ebfn c\u00e1c d\u1eef li\u1ec7u sau:<\/p>\n<ul>\n<li>\u0110\u1ecba ch\u1ec9 IP c\u1ee7a m\u00e1y t\u00ednh y\u00eau c\u1ea7u<\/li>\n<li>Ng\u00e0y v\u00e0 gi\u1edd truy c\u1eadp<\/li>\n<li>T\u00ean v\u00e0 URL c\u1ee7a t\u1ec7p \u0111\u00e3 truy xu\u1ea5t<\/li>\n<li>Trang web m\u00e0 t\u1eeb \u0111\u00f3 truy c\u1eadp \u0111\u01b0\u1ee3c th\u1ef1c hi\u1ec7n (URL li\u00ean k\u1ebft gi\u1edbi thi\u1ec7u)<\/li>\n<li>tr\u00ecnh duy\u1ec7t \u0111\u01b0\u1ee3c s\u1eed d\u1ee5ng v\u00e0, n\u1ebfu c\u00f3, h\u1ec7 \u0111i\u1ec1u h\u00e0nh c\u1ee7a m\u00e1y t\u00ednh v\u00e0 t\u00ean nh\u00e0 cung c\u1ea5p quy\u1ec1n truy c\u1eadp c\u1ee7a b\u1ea1n<\/li>\n<\/ul>\n<p>D\u1eef li\u1ec7u n\u00e0y \u0111\u01b0\u1ee3c x\u1eed l\u00fd \u0111\u1ec3 \u0111\u1ea3m b\u1ea3o thi\u1ebft l\u1eadp k\u1ebft n\u1ed1i tr\u01a1n tru v\u00e0 s\u1eed d\u1ee5ng thu\u1eadn ti\u1ec7n trang web c\u1ee7a ch\u00fang t\u00f4i c\u0169ng nh\u01b0 \u0111\u1ec3 \u0111\u00e1nh gi\u00e1 t\u00ednh b\u1ea3o m\u1eadt v\u00e0 \u1ed5n \u0111\u1ecbnh c\u1ee7a h\u1ec7 th\u1ed1ng.<br \/>C\u01a1 s\u1edf ph\u00e1p l\u00fd \u0111\u1ec3 x\u1eed l\u00fd d\u1eef li\u1ec7u l\u00e0 \u0110i\u1ec1u 6 \u0111o\u1ea1n 1 c\u00e2u 1 lit. f GDPR.  <\/p>\n<p>b) Khi li\u00ean h\u1ec7 v\u1edbi ch\u00fang t\u00f4i: N\u1ebfu b\u1ea1n li\u00ean h\u1ec7 v\u1edbi ch\u00fang t\u00f4i qua e-mail ho\u1eb7c qua bi\u1ec3u m\u1eabu li\u00ean h\u1ec7 c\u1ee7a ch\u00fang t\u00f4i, d\u1eef li\u1ec7u b\u1ea1n t\u1ef1 nguy\u1ec7n cung c\u1ea5p (v\u00ed d\u1ee5: t\u00ean, \u0111\u1ecba ch\u1ec9 e-mail, s\u1ed1 \u0111i\u1ec7n tho\u1ea1i) s\u1ebd \u0111\u01b0\u1ee3c ch\u00fang t\u00f4i l\u01b0u tr\u1eef \u0111\u1ec3 x\u1eed l\u00fd y\u00eau c\u1ea7u c\u1ee7a b\u1ea1n.<br \/>Vi\u1ec7c x\u1eed l\u00fd d\u1eef li\u1ec7u di\u1ec5n ra tr\u00ean c\u01a1 s\u1edf \u0110i\u1ec1u 6 \u0111o\u1ea1n 1 c\u00e2u 1 lit. b GDPR n\u1ebfu y\u00eau c\u1ea7u c\u1ee7a b\u1ea1n li\u00ean quan \u0111\u1ebfn vi\u1ec7c th\u1ef1c hi\u1ec7n h\u1ee3p \u0111\u1ed3ng ho\u1eb7c c\u1ea7n thi\u1ebft \u0111\u1ec3 th\u1ef1c hi\u1ec7n c\u00e1c bi\u1ec7n ph\u00e1p tr\u01b0\u1edbc h\u1ee3p \u0111\u1ed3ng.<br \/>Trong t\u1ea5t c\u1ea3 c\u00e1c tr\u01b0\u1eddng h\u1ee3p kh\u00e1c, vi\u1ec7c x\u1eed l\u00fd d\u1ef1a tr\u00ean l\u1ee3i \u00edch h\u1ee3p ph\u00e1p c\u1ee7a ch\u00fang t\u00f4i trong vi\u1ec7c x\u1eed l\u00fd hi\u1ec7u qu\u1ea3 c\u00e1c c\u00e2u h\u1ecfi g\u1eedi cho ch\u00fang t\u00f4i (\u0110i\u1ec1u 6 \u0111o\u1ea1n 1 c\u00e2u 1 lit. f GDPR).  <\/p>\n<p>\u0110\u1ec3 qu\u1ea3n l\u00fd cookie v\u00e0 c\u00e1c c\u00f4ng ngh\u1ec7 t\u01b0\u01a1ng t\u1ef1 \u0111\u01b0\u1ee3c s\u1eed d\u1ee5ng (pixel theo d\u00f5i, \u0111\u00e8n hi\u1ec7u web, v.v.) v\u00e0 c\u00e1c s\u1ef1 \u0111\u1ed3ng \u00fd li\u00ean quan, ch\u00fang t\u00f4i s\u1eed d\u1ee5ng c\u00f4ng c\u1ee5 \u0111\u1ed3ng \u00fd &#8220;Bi\u1ec3u ng\u1eef cookie th\u1ef1c&#8221;. Chi ti\u1ebft v\u1ec1 c\u00e1ch ho\u1ea1t \u0111\u1ed9ng c\u1ee7a &#8220;Real Cookie Banner&#8221; c\u00f3 th\u1ec3 \u0111\u01b0\u1ee3c t\u00ecm <a href=\"https:\/\/devowl.io\/rcb\/data-processing\/\" target=\"_blank\" rel=\"noopener noreferrer\">th\u1ea5y t\u1ea1i https:\/\/devowl.io\/rcb\/data-processing\/<\/a>. C\u01a1 s\u1edf ph\u00e1p l\u00fd cho vi\u1ec7c x\u1eed l\u00fd d\u1eef li\u1ec7u c\u00e1 nh\u00e2n trong b\u1ed1i c\u1ea3nh n\u00e0y l\u00e0 \u0110i\u1ec1u 6 (1) lit. c GDPR v\u00e0 \u0110i\u1ec1u 6 (1) lit. f GDPR. L\u1ee3i \u00edch h\u1ee3p ph\u00e1p c\u1ee7a ch\u00fang t\u00f4i l\u00e0 qu\u1ea3n l\u00fd cookie v\u00e0 c\u00e1c c\u00f4ng ngh\u1ec7 t\u01b0\u01a1ng t\u1ef1 \u0111\u01b0\u1ee3c s\u1eed d\u1ee5ng v\u00e0 c\u00e1c s\u1ef1 \u0111\u1ed3ng \u00fd li\u00ean quan. Vi\u1ec7c cung c\u1ea5p d\u1eef li\u1ec7u c\u00e1 nh\u00e2n kh\u00f4ng b\u1eaft bu\u1ed9c theo h\u1ee3p \u0111\u1ed3ng c\u0169ng nh\u01b0 kh\u00f4ng c\u1ea7n thi\u1ebft cho vi\u1ec7c k\u00fd k\u1ebft h\u1ee3p \u0111\u1ed3ng. B\u1ea1n kh\u00f4ng c\u00f3 ngh\u0129a v\u1ee5 ph\u1ea3i cung c\u1ea5p d\u1eef li\u1ec7u c\u00e1 nh\u00e2n. N\u1ebfu b\u1ea1n kh\u00f4ng cung c\u1ea5p d\u1eef li\u1ec7u c\u00e1 nh\u00e2n, ch\u00fang t\u00f4i s\u1ebd kh\u00f4ng th\u1ec3 qu\u1ea3n l\u00fd s\u1ef1 \u0111\u1ed3ng \u00fd c\u1ee7a b\u1ea1n.      <\/p>\n<p><strong>3. Chuy\u1ec3n d\u1eef li\u1ec7u<\/strong><\/p>\n<p>D\u1eef li\u1ec7u c\u00e1 nh\u00e2n c\u1ee7a b\u1ea1n s\u1ebd kh\u00f4ng \u0111\u01b0\u1ee3c chuy\u1ec3n cho b\u00ean th\u1ee9 ba cho c\u00e1c m\u1ee5c \u0111\u00edch kh\u00e1c ngo\u00e0i nh\u1eefng m\u1ee5c \u0111\u00edch \u0111\u01b0\u1ee3c li\u1ec7t k\u00ea d\u01b0\u1edbi \u0111\u00e2y.<br \/>Ch\u00fang t\u00f4i ch\u1ec9 chuy\u1ec3n d\u1eef li\u1ec7u c\u00e1 nh\u00e2n c\u1ee7a b\u1ea1n cho b\u00ean th\u1ee9 ba n\u1ebfu:<\/p>\n<ul>\n<li>b\u1ea1n \u0111\u00e3 \u0111\u1ed3ng \u00fd r\u00f5 r\u00e0ng,<\/li>\n<li>vi\u1ec7c chuy\u1ec3n nh\u01b0\u1ee3ng l\u00e0 c\u1ea7n thi\u1ebft \u0111\u1ec3 th\u1ef1c hi\u1ec7n h\u1ee3p \u0111\u1ed3ng v\u1edbi b\u1ea1n,<\/li>\n<li>\u0111i\u1ec1u n\u00e0y l\u00e0 c\u1ea7n thi\u1ebft \u0111\u1ec3 th\u1ef1c hi\u1ec7n ngh\u0129a v\u1ee5 ph\u00e1p l\u00fd, ho\u1eb7c<\/li>\n<li>\u0110i\u1ec1u n\u00e0y l\u00e0 c\u1ea7n thi\u1ebft \u0111\u1ec3 b\u1ea3o v\u1ec7 l\u1ee3i \u00edch h\u1ee3p ph\u00e1p c\u1ee7a ch\u00fang t\u00f4i, \u0111\u1eb7c bi\u1ec7t l\u00e0 \u0111\u1ec3 kh\u1eb3ng \u0111\u1ecbnh, th\u1ef1c hi\u1ec7n ho\u1eb7c b\u1ea3o v\u1ec7 c\u00e1c khi\u1ebfu n\u1ea1i ph\u00e1p l\u00fd v\u00e0 kh\u00f4ng c\u00f3 l\u00fd do g\u00ec \u0111\u1ec3 cho r\u1eb1ng b\u1ea1n c\u00f3 l\u1ee3i \u00edch quan tr\u1ecdng h\u01a1n x\u1ee9ng \u0111\u00e1ng \u0111\u01b0\u1ee3c b\u1ea3o v\u1ec7 trong vi\u1ec7c kh\u00f4ng ti\u1ebft l\u1ed9 d\u1eef li\u1ec7u c\u1ee7a b\u1ea1n.<\/li>\n<\/ul>\n<p><strong>4. Quy\u1ec1n c\u1ee7a b\u1ea1n <\/strong><\/p>\n<p>B\u1ea1n c\u00f3 quy\u1ec1n:<\/p>\n<ul>\n<li style=\"list-style-type: none;\">\n<ul>\n<li>\u0111\u1ec3 y\u00eau c\u1ea7u th\u00f4ng tin v\u1ec1 d\u1eef li\u1ec7u c\u00e1 nh\u00e2n c\u1ee7a b\u1ea1n do ch\u00fang t\u00f4i x\u1eed l\u00fd theo \u0110i\u1ec1u 15 GDPR,<\/li>\n<li>theo \u0110i\u1ec1u 16 GDPR, \u0111\u1ec3 ngay l\u1eadp t\u1ee9c y\u00eau c\u1ea7u ch\u1ec9nh s\u1eeda d\u1eef li\u1ec7u c\u00e1 nh\u00e2n kh\u00f4ng ch\u00ednh x\u00e1c ho\u1eb7c kh\u00f4ng \u0111\u1ea7y \u0111\u1ee7 do ch\u00fang t\u00f4i l\u01b0u tr\u1eef,<\/li>\n<li>\u0111\u1ec3 y\u00eau c\u1ea7u x\u00f3a d\u1eef li\u1ec7u c\u00e1 nh\u00e2n c\u1ee7a b\u1ea1n do ch\u00fang t\u00f4i l\u01b0u tr\u1eef theo \u0110i\u1ec1u 17 GDPR,<\/li>\n<li>\u0111\u1ec3 y\u00eau c\u1ea7u h\u1ea1n ch\u1ebf x\u1eed l\u00fd d\u1eef li\u1ec7u c\u00e1 nh\u00e2n c\u1ee7a b\u1ea1n theo \u0110i\u1ec1u 18 GDPR,<\/li>\n<li>theo \u0110i\u1ec1u 20 GDPR, \u0111\u1ec3 nh\u1eadn d\u1eef li\u1ec7u c\u00e1 nh\u00e2n c\u1ee7a b\u1ea1n m\u00e0 b\u1ea1n \u0111\u00e3 cung c\u1ea5p cho ch\u00fang t\u00f4i \u1edf \u0111\u1ecbnh d\u1ea1ng c\u00f3 c\u1ea5u tr\u00fac, th\u01b0\u1eddng \u0111\u01b0\u1ee3c s\u1eed d\u1ee5ng v\u00e0 c\u00f3 th\u1ec3 \u0111\u1ecdc \u0111\u01b0\u1ee3c b\u1eb1ng m\u00e1y ho\u1eb7c y\u00eau c\u1ea7u truy\u1ec1n d\u1eef li\u1ec7u \u0111\u00f3 \u0111\u1ebfn b\u1ed9 \u0111i\u1ec1u khi\u1ec3n kh\u00e1c<\/li>\n<li>theo \u0110i\u1ec1u 21 GDPR \u0111\u1ec3 ph\u1ea3n \u0111\u1ed1i b\u1ea5t c\u1ee9 l\u00fac n\u00e0o, v\u1edbi l\u00fd do li\u00ean quan \u0111\u1ebfn t\u00ecnh hu\u1ed1ng c\u1ee5 th\u1ec3 c\u1ee7a b\u1ea1n, \u0111\u1ed1i v\u1edbi vi\u1ec7c x\u1eed l\u00fd d\u1eef li\u1ec7u c\u00e1 nh\u00e2n c\u1ee7a b\u1ea1n d\u1ef1a tr\u00ean \u0110i\u1ec1u 6 \u0111o\u1ea1n 1 c\u00e2u 1 m\u1ee5c e ho\u1eb7c f GDPR; \u0110i\u1ec1u n\u00e0y c\u0169ng \u00e1p d\u1ee5ng cho vi\u1ec7c l\u1eadp h\u1ed3 s\u01a1 d\u1ef1a tr\u00ean c\u00e1c quy \u0111\u1ecbnh n\u00e0y.  <\/li>\n<\/ul>\n<\/li>\n<\/ul>\n<p><strong>5. B\u1ea3o m\u1eadt d\u1eef li\u1ec7u <\/strong><\/p>\n<p>Ch\u00fang t\u00f4i s\u1eed d\u1ee5ng c\u00e1c bi\u1ec7n ph\u00e1p b\u1ea3o m\u1eadt k\u1ef9 thu\u1eadt v\u00e0 t\u1ed5 ch\u1ee9c \u0111\u1ec3 b\u1ea3o v\u1ec7 d\u1eef li\u1ec7u c\u00e1 nh\u00e2n c\u1ee7a b\u1ea1n do ch\u00fang t\u00f4i qu\u1ea3n l\u00fd ch\u1ed1ng l\u1ea1i s\u1ef1 thao t\u00fang, m\u1ea5t m\u00e1t, ph\u00e1 h\u1ee7y ho\u1eb7c truy c\u1eadp c\u1ee7a nh\u1eefng ng\u01b0\u1eddi kh\u00f4ng \u0111\u01b0\u1ee3c \u1ee7y quy\u1ec1n.<br \/>C\u00e1c bi\u1ec7n ph\u00e1p b\u1ea3o m\u1eadt c\u1ee7a ch\u00fang t\u00f4i li\u00ean t\u1ee5c \u0111\u01b0\u1ee3c c\u1ea3i ti\u1ebfn ph\u00f9 h\u1ee3p v\u1edbi s\u1ef1 ph\u00e1t tri\u1ec3n c\u00f4ng ngh\u1ec7.<\/p>\n<p><strong>6. C\u1eadp nh\u1eadt v\u00e0 s\u1eeda \u0111\u1ed5i ch\u00ednh s\u00e1ch b\u1ea3o m\u1eadt n\u00e0y <\/strong><\/p>\n<p>Ch\u00ednh s\u00e1ch b\u1ea3o m\u1eadt n\u00e0y hi\u1ec7n c\u00f3 hi\u1ec7u l\u1ef1c v\u00e0 \u0111\u01b0\u1ee3c c\u1eadp nh\u1eadt l\u1ea7n cu\u1ed1i v\u00e0o th\u00e1ng 9\/2024. Do s\u1ef1 ph\u00e1t tri\u1ec3n h\u01a1n n\u1eefa c\u1ee7a trang web c\u1ee7a ch\u00fang t\u00f4i v\u00e0 c\u00e1c \u01b0u \u0111\u00e3i tr\u00ean \u0111\u00f3 ho\u1eb7c do nh\u1eefng thay \u0111\u1ed5i trong c\u00e1c y\u00eau c\u1ea7u ph\u00e1p l\u00fd ho\u1eb7c ch\u00ednh th\u1ee9c, c\u00f3 th\u1ec3 c\u1ea7n ph\u1ea3i s\u1eeda \u0111\u1ed5i ch\u00ednh s\u00e1ch b\u1ea3o m\u1eadt n\u00e0y.<br \/>B\u1ea1n c\u00f3 th\u1ec3 truy c\u1eadp v\u00e0 in ra tuy\u00ean b\u1ed1 b\u1ea3o v\u1ec7 d\u1eef li\u1ec7u hi\u1ec7n t\u1ea1i b\u1ea5t c\u1ee9 l\u00fac n\u00e0o tr\u00ean trang web c\u1ee7a ch\u00fang t\u00f4i trong ph\u1ea7n &#8220;B\u1ea3o v\u1ec7 d\u1eef li\u1ec7u&#8221;. <\/p><\/p>\n\t\t\t\t\t\t\t\t<\/div>\n\t\t\t\t<\/div>\n\t\t\t\t\t<\/div>\n\t\t\t\t<\/div>\n\t\t\t\t<\/div>\n\t\t","protected":false},"excerpt":{"rendered":"<p>Ch\u00ednh s\u00e1ch b\u1ea3o m\u1eadt cho trang web www.German-Workout.com C\u1ea3m \u01a1n b\u1ea1n \u0111\u00e3 quan t\u00e2m \u0111\u1ebfn trang web c\u1ee7a ch\u00fang t\u00f4i German-Workout.com (sau \u0111\u00e2y g\u1ecdi l\u00e0 &#8220;trang web&#8221;). Vi\u1ec7c b\u1ea3o v\u1ec7 d\u1eef li\u1ec7u c\u00e1 nh\u00e2n c\u1ee7a b\u1ea1n r\u1ea5t quan tr\u1ecdng \u0111\u1ed1i v\u1edbi ch\u00fang t\u00f4i. D\u01b0\u1edbi \u0111\u00e2y ch\u00fang t\u00f4i th\u00f4ng b\u00e1o cho b\u1ea1n v\u1ec1 vi\u1ec7c x\u1eed l\u00fd [&hellip;]<\/p>\n","protected":false},"author":1,"featured_media":0,"parent":0,"menu_order":0,"comment_status":"closed","ping_status":"closed","template":"","meta":{"_sitemap_exclude":false,"_sitemap_priority":"","_sitemap_frequency":"","footnotes":""},"class_list":["post-24324","page","type-page","status-publish","hentry"],"yoast_head":"<!-- This site is optimized with the Yoast SEO plugin v27.5 - https:\/\/yoast.com\/product\/yoast-seo-wordpress\/ -->\n<title>Ch\u00ednh s\u00e1ch b\u1ea3o m\u1eadt<\/title>\n<meta name=\"description\" content=\"German-Workout\" \/>\n<meta name=\"robots\" content=\"index, follow, max-snippet:-1, max-image-preview:large, max-video-preview:-1\" \/>\n<link rel=\"canonical\" href=\"https:\/\/www.german-workout.com\/vi\/chinh-sach-bao-mat\/\" \/>\n<meta property=\"og:locale\" content=\"vi_VN\" \/>\n<meta property=\"og:type\" content=\"article\" \/>\n<meta property=\"og:title\" content=\"Ch\u00ednh s\u00e1ch b\u1ea3o m\u1eadt\" \/>\n<meta property=\"og:description\" content=\"German-Workout\" \/>\n<meta property=\"og:url\" content=\"https:\/\/www.german-workout.com\/vi\/chinh-sach-bao-mat\/\" \/>\n<meta property=\"og:site_name\" content=\"German-Workout\" \/>\n<meta property=\"article:publisher\" content=\"https:\/\/www.facebook.com\/german.workout\/\" \/>\n<meta property=\"article:modified_time\" content=\"2024-10-18T19:03:12+00:00\" \/>\n<meta property=\"og:image\" content=\"https:\/\/www.german-workout.com\/wp-content\/uploads\/2024\/05\/German-Workout-Logo-full.png\" \/>\n\t<meta property=\"og:image:width\" content=\"997\" \/>\n\t<meta property=\"og:image:height\" content=\"608\" \/>\n\t<meta property=\"og:image:type\" content=\"image\/png\" \/>\n<meta name=\"twitter:card\" content=\"summary_large_image\" \/>\n<meta name=\"twitter:label1\" content=\"Est. reading time\" \/>\n\t<meta name=\"twitter:data1\" content=\"8 minutes\" \/>\n<script type=\"application\/ld+json\" class=\"yoast-schema-graph\">{\"@context\":\"https:\\\/\\\/schema.org\",\"@graph\":[{\"@type\":\"WebPage\",\"@id\":\"https:\\\/\\\/www.german-workout.com\\\/vi\\\/chinh-sach-bao-mat\\\/\",\"url\":\"https:\\\/\\\/www.german-workout.com\\\/vi\\\/chinh-sach-bao-mat\\\/\",\"name\":\"Ch\u00ednh s\u00e1ch b\u1ea3o m\u1eadt\",\"isPartOf\":{\"@id\":\"https:\\\/\\\/www.german-workout.com\\\/vi\\\/#website\"},\"datePublished\":\"2024-04-26T13:20:02+00:00\",\"dateModified\":\"2024-10-18T19:03:12+00:00\",\"description\":\"German-Workout\",\"breadcrumb\":{\"@id\":\"https:\\\/\\\/www.german-workout.com\\\/vi\\\/chinh-sach-bao-mat\\\/#breadcrumb\"},\"inLanguage\":\"vi-VN\",\"potentialAction\":[{\"@type\":\"ReadAction\",\"target\":[\"https:\\\/\\\/www.german-workout.com\\\/vi\\\/chinh-sach-bao-mat\\\/\"]}]},{\"@type\":\"BreadcrumbList\",\"@id\":\"https:\\\/\\\/www.german-workout.com\\\/vi\\\/chinh-sach-bao-mat\\\/#breadcrumb\",\"itemListElement\":[{\"@type\":\"ListItem\",\"position\":1,\"name\":\"Home\",\"item\":\"https:\\\/\\\/www.german-workout.com\\\/vi\\\/\"},{\"@type\":\"ListItem\",\"position\":2,\"name\":\"Ch\u00ednh s\u00e1ch b\u1ea3o m\u1eadt\"}]},{\"@type\":\"WebSite\",\"@id\":\"https:\\\/\\\/www.german-workout.com\\\/vi\\\/#website\",\"url\":\"https:\\\/\\\/www.german-workout.com\\\/vi\\\/\",\"name\":\"German-Workout\",\"description\":\"Your German language training platform\",\"publisher\":{\"@id\":\"https:\\\/\\\/www.german-workout.com\\\/vi\\\/#organization\"},\"potentialAction\":[{\"@type\":\"SearchAction\",\"target\":{\"@type\":\"EntryPoint\",\"urlTemplate\":\"https:\\\/\\\/www.german-workout.com\\\/vi\\\/?s={search_term_string}\"},\"query-input\":{\"@type\":\"PropertyValueSpecification\",\"valueRequired\":true,\"valueName\":\"search_term_string\"}}],\"inLanguage\":\"vi-VN\"},{\"@type\":\"Organization\",\"@id\":\"https:\\\/\\\/www.german-workout.com\\\/vi\\\/#organization\",\"name\":\"German-Workout\",\"url\":\"https:\\\/\\\/www.german-workout.com\\\/vi\\\/\",\"logo\":{\"@type\":\"ImageObject\",\"inLanguage\":\"vi-VN\",\"@id\":\"https:\\\/\\\/www.german-workout.com\\\/vi\\\/#\\\/schema\\\/logo\\\/image\\\/\",\"url\":\"https:\\\/\\\/www.german-workout.com\\\/wp-content\\\/uploads\\\/2024\\\/04\\\/Logo-End1.png\",\"contentUrl\":\"https:\\\/\\\/www.german-workout.com\\\/wp-content\\\/uploads\\\/2024\\\/04\\\/Logo-End1.png\",\"width\":698,\"height\":608,\"caption\":\"German-Workout\"},\"image\":{\"@id\":\"https:\\\/\\\/www.german-workout.com\\\/vi\\\/#\\\/schema\\\/logo\\\/image\\\/\"},\"sameAs\":[\"https:\\\/\\\/www.facebook.com\\\/german.workout\\\/\"]}]}<\/script>\n<!-- \/ Yoast SEO plugin. -->","yoast_head_json":{"title":"Ch\u00ednh s\u00e1ch b\u1ea3o m\u1eadt","description":"German-Workout","robots":{"index":"index","follow":"follow","max-snippet":"max-snippet:-1","max-image-preview":"max-image-preview:large","max-video-preview":"max-video-preview:-1"},"canonical":"https:\/\/www.german-workout.com\/vi\/chinh-sach-bao-mat\/","og_locale":"vi_VN","og_type":"article","og_title":"Ch\u00ednh s\u00e1ch b\u1ea3o m\u1eadt","og_description":"German-Workout","og_url":"https:\/\/www.german-workout.com\/vi\/chinh-sach-bao-mat\/","og_site_name":"German-Workout","article_publisher":"https:\/\/www.facebook.com\/german.workout\/","article_modified_time":"2024-10-18T19:03:12+00:00","og_image":[{"width":997,"height":608,"url":"https:\/\/www.german-workout.com\/wp-content\/uploads\/2024\/05\/German-Workout-Logo-full.png","type":"image\/png"}],"twitter_card":"summary_large_image","twitter_misc":{"Est. reading time":"8 minutes"},"schema":{"@context":"https:\/\/schema.org","@graph":[{"@type":"WebPage","@id":"https:\/\/www.german-workout.com\/vi\/chinh-sach-bao-mat\/","url":"https:\/\/www.german-workout.com\/vi\/chinh-sach-bao-mat\/","name":"Ch\u00ednh s\u00e1ch b\u1ea3o m\u1eadt","isPartOf":{"@id":"https:\/\/www.german-workout.com\/vi\/#website"},"datePublished":"2024-04-26T13:20:02+00:00","dateModified":"2024-10-18T19:03:12+00:00","description":"German-Workout","breadcrumb":{"@id":"https:\/\/www.german-workout.com\/vi\/chinh-sach-bao-mat\/#breadcrumb"},"inLanguage":"vi-VN","potentialAction":[{"@type":"ReadAction","target":["https:\/\/www.german-workout.com\/vi\/chinh-sach-bao-mat\/"]}]},{"@type":"BreadcrumbList","@id":"https:\/\/www.german-workout.com\/vi\/chinh-sach-bao-mat\/#breadcrumb","itemListElement":[{"@type":"ListItem","position":1,"name":"Home","item":"https:\/\/www.german-workout.com\/vi\/"},{"@type":"ListItem","position":2,"name":"Ch\u00ednh s\u00e1ch b\u1ea3o m\u1eadt"}]},{"@type":"WebSite","@id":"https:\/\/www.german-workout.com\/vi\/#website","url":"https:\/\/www.german-workout.com\/vi\/","name":"German-Workout","description":"Your German language training platform","publisher":{"@id":"https:\/\/www.german-workout.com\/vi\/#organization"},"potentialAction":[{"@type":"SearchAction","target":{"@type":"EntryPoint","urlTemplate":"https:\/\/www.german-workout.com\/vi\/?s={search_term_string}"},"query-input":{"@type":"PropertyValueSpecification","valueRequired":true,"valueName":"search_term_string"}}],"inLanguage":"vi-VN"},{"@type":"Organization","@id":"https:\/\/www.german-workout.com\/vi\/#organization","name":"German-Workout","url":"https:\/\/www.german-workout.com\/vi\/","logo":{"@type":"ImageObject","inLanguage":"vi-VN","@id":"https:\/\/www.german-workout.com\/vi\/#\/schema\/logo\/image\/","url":"https:\/\/www.german-workout.com\/wp-content\/uploads\/2024\/04\/Logo-End1.png","contentUrl":"https:\/\/www.german-workout.com\/wp-content\/uploads\/2024\/04\/Logo-End1.png","width":698,"height":608,"caption":"German-Workout"},"image":{"@id":"https:\/\/www.german-workout.com\/vi\/#\/schema\/logo\/image\/"},"sameAs":["https:\/\/www.facebook.com\/german.workout\/"]}]}},"_links":{"self":[{"href":"https:\/\/www.german-workout.com\/vi\/wp-json\/wp\/v2\/pages\/24324","targetHints":{"allow":["GET"]}}],"collection":[{"href":"https:\/\/www.german-workout.com\/vi\/wp-json\/wp\/v2\/pages"}],"about":[{"href":"https:\/\/www.german-workout.com\/vi\/wp-json\/wp\/v2\/types\/page"}],"author":[{"embeddable":true,"href":"https:\/\/www.german-workout.com\/vi\/wp-json\/wp\/v2\/users\/1"}],"replies":[{"embeddable":true,"href":"https:\/\/www.german-workout.com\/vi\/wp-json\/wp\/v2\/comments?post=24324"}],"version-history":[{"count":0,"href":"https:\/\/www.german-workout.com\/vi\/wp-json\/wp\/v2\/pages\/24324\/revisions"}],"wp:attachment":[{"href":"https:\/\/www.german-workout.com\/vi\/wp-json\/wp\/v2\/media?parent=24324"}],"curies":[{"name":"wp","href":"https:\/\/api.w.org\/{rel}","templated":true}]}}