{"id":24050,"date":"2024-04-26T14:18:18","date_gmt":"2024-04-26T12:18:18","guid":{"rendered":"https:\/\/www.german-workout.com\/dang-nhap\/"},"modified":"2025-01-10T18:43:20","modified_gmt":"2025-01-10T17:43:20","slug":"dang-nhap","status":"publish","type":"page","link":"https:\/\/www.german-workout.com\/vi\/dang-nhap\/","title":{"rendered":"\u0110\u0103ng nh\u1eadp"},"content":{"rendered":"\t\t<div data-elementor-type=\"wp-page\" data-elementor-id=\"24050\" class=\"elementor elementor-24050 elementor-8446\" data-elementor-post-type=\"page\">\n\t\t\t\t<div class=\"elementor-element elementor-element-794730f e-flex e-con-boxed e-con e-parent\" data-id=\"794730f\" data-element_type=\"container\" data-e-type=\"container\">\n\t\t\t\t\t<div class=\"e-con-inner\">\n\t\t\t\t<div class=\"elementor-element elementor-element-c99cfe6 elementor-widget elementor-widget-text-editor\" data-id=\"c99cfe6\" data-element_type=\"widget\" data-e-type=\"widget\" data-widget_type=\"text-editor.default\">\n\t\t\t\t<div class=\"elementor-widget-container\">\n\t\t\t\t\t\t\t\t\t<p>T\u1ea1i \u0111\u00e2y b\u1ea1n c\u00f3 th\u1ec3 \u0111\u0103ng nh\u1eadp b\u1eb1ng t\u00ean ng\u01b0\u1eddi d\u00f9ng ho\u1eb7c \u0111\u1ecba ch\u1ec9 email v\u00e0 m\u1eadt kh\u1ea9u c\u1ee7a m\u00ecnh. N\u1ebfu b\u1ea1n qu\u00ean m\u1eadt kh\u1ea9u c\u1ee7a m\u00ecnh, b\u1ea1n c\u00f3 th\u1ec3 \u0111\u1eb7t l\u1ea1i m\u1eadt kh\u1ea9u trong li\u00ean k\u1ebft &#8220;Qu\u00ean m\u1eadt kh\u1ea9u&#8221;.   <\/p>\n<p>B\u1ea1n ch\u01b0a c\u00f3 t\u00e0i kho\u1ea3n? B\u1ea1n nh\u1eadn \u0111\u01b0\u1ee3c m\u1ed9t t\u00e0i kho\u1ea3n n\u1ebfu b\u1ea1n c\u00f3 <a href=\"https:\/\/www.german-workout.com\/premium-deutschtraining-buchen\/\">quy\u1ec1n truy c\u1eadp cao c\u1ea5p<\/a>. <\/p>\n\t\t\t\t\t\t\t\t<\/div>\n\t\t\t\t<\/div>\n\t\t<div class=\"elementor-element elementor-element-3e0b173 e-flex e-con-boxed e-con e-child\" data-id=\"3e0b173\" data-element_type=\"container\" data-e-type=\"container\">\n\t\t\t\t\t<div class=\"e-con-inner\">\n\t\t<div class=\"elementor-element elementor-element-cebe208 e-flex e-con-boxed e-con e-child\" data-id=\"cebe208\" data-element_type=\"container\" data-e-type=\"container\" data-settings=\"{&quot;background_background&quot;:&quot;classic&quot;}\">\n\t\t\t\t\t<div class=\"e-con-inner\">\n\t\t\t\t<div class=\"elementor-element elementor-element-b049e8a elementor-widget elementor-widget-text-editor\" data-id=\"b049e8a\" data-element_type=\"widget\" data-e-type=\"widget\" data-widget_type=\"text-editor.default\">\n\t\t\t\t<div class=\"elementor-widget-container\">\n\t\t\t\t\t\t\t\t\t\n<div class=\"mp_wrapper mp_login_form\">\n                  <!-- mp-login-form-start -->     <form name=\"mepr_loginform\" id=\"mepr_loginform\" class=\"mepr-form\" action=\"https:\/\/www.german-workout.com\/login-3\/\" method=\"post\">\n            <div class=\"mp-form-row mepr_username\">\n        <div class=\"mp-form-label\">\n                              <label for=\"user_login\">Username<\/label>\n        <\/div>\n        <input type=\"text\" name=\"log\" id=\"user_login\" value=\"\" \/>\n      <\/div>\n      <div class=\"mp-form-row mepr_password\">\n        <div class=\"mp-form-label\">\n          <label for=\"user_pass\">Password<\/label>\n          <div class=\"mp-hide-pw\">\n            <input type=\"password\" name=\"pwd\" id=\"user_pass\" value=\"\" \/>\n            <button type=\"button\" class=\"button mp-hide-pw hide-if-no-js\" data-toggle=\"0\" aria-label=\"Show password\">\n              <span class=\"dashicons dashicons-visibility\" aria-hidden=\"true\"><\/span>\n            <\/button>\n          <\/div>\n        <\/div>\n      <\/div>\n            <div>\n        <label><input name=\"rememberme\" type=\"checkbox\" id=\"rememberme\" value=\"forever\" \/> Remember Me<\/label>\n      <\/div>\n      <div class=\"mp-spacer\">&nbsp;<\/div>\n      <div class=\"submit\">\n        <input type=\"submit\" name=\"wp-submit\" id=\"wp-submit\" class=\"button-primary mepr-share-button \" value=\"Log In\" \/>\n        <input type=\"hidden\" name=\"redirect_to\" value=\"https:\/\/www.german-workout.com\/user-account\/\" \/>\n        <input type=\"hidden\" name=\"mepr_process_login_form\" value=\"true\" \/>\n        <input type=\"hidden\" name=\"mepr_is_login_page\" value=\"true\" \/>\n      <\/div>\n    <\/form>\n    <div class=\"mp-spacer\">&nbsp;<\/div>\n    <div class=\"mepr-login-actions\">\n        <a\n          href=\"https:\/\/www.german-workout.com\/login-3\/?action=forgot_password\"\n          title=\"Click here to reset your password\"\n        >\n          Forgot Password        <\/a>\n    <\/div>\n\n      \n    <!-- mp-login-form-end --> \n  <\/div>\n\n\t\t\t\t\t\t\t\t<\/div>\n\t\t\t\t<\/div>\n\t\t\t\t\t<\/div>\n\t\t\t\t<\/div>\n\t\t\t\t\t<\/div>\n\t\t\t\t<\/div>\n\t\t\t\t<div class=\"elementor-element elementor-element-a2c2e5b elementor-widget elementor-widget-text-editor\" data-id=\"a2c2e5b\" data-element_type=\"widget\" data-e-type=\"widget\" data-widget_type=\"text-editor.default\">\n\t\t\t\t<div class=\"elementor-widget-container\">\n\t\t\t\t\t\t\t\t\t<p>Sau khi \u0111\u0103ng nh\u1eadp, b\u1ea1n s\u1ebd \u0111\u01b0\u1ee3c chuy\u1ec3n h\u01b0\u1edbng \u0111\u1ebfn trang ch\u1ee7 v\u00e0 sau \u0111\u00f3 c\u00f3 th\u1ec3 truy c\u1eadp n\u1ed9i dung ho\u1eb7c d\u1ecbch v\u1ee5 cao c\u1ea5p \u0111\u00e3 \u0111\u1eb7t c\u1ee7a m\u00ecnh th\u00f4ng qua menu.  <\/p>\n<p>N\u1ebfu b\u1ea1n c\u00f3 b\u1ea5t k\u1ef3 v\u1ea5n \u0111\u1ec1 n\u00e0o, h\u00e3y li\u00ean h\u1ec7 v\u1edbi ch\u00fang t\u00f4i theo \u0111\u1ecba ch\u1ec9: <a href=\"mailto:info@german-workout.com\">info@german-workout.com<\/a><\/p>\n\t\t\t\t\t\t\t\t<\/div>\n\t\t\t\t<\/div>\n\t\t\t\t<div class=\"elementor-element elementor-element-c5faea2 elementor-widget elementor-widget-spacer\" data-id=\"c5faea2\" data-element_type=\"widget\" data-e-type=\"widget\" data-widget_type=\"spacer.default\">\n\t\t\t\t<div class=\"elementor-widget-container\">\n\t\t\t\t\t\t\t<div class=\"elementor-spacer\">\n\t\t\t<div class=\"elementor-spacer-inner\"><\/div>\n\t\t<\/div>\n\t\t\t\t\t\t<\/div>\n\t\t\t\t<\/div>\n\t\t\t\t\t<\/div>\n\t\t\t\t<\/div>\n\t\t\t\t<\/div>\n\t\t","protected":false},"excerpt":{"rendered":"<p>T\u1ea1i \u0111\u00e2y b\u1ea1n c\u00f3 th\u1ec3 \u0111\u0103ng nh\u1eadp b\u1eb1ng t\u00ean ng\u01b0\u1eddi d\u00f9ng ho\u1eb7c \u0111\u1ecba ch\u1ec9 email v\u00e0 m\u1eadt kh\u1ea9u c\u1ee7a m\u00ecnh. N\u1ebfu b\u1ea1n qu\u00ean m\u1eadt kh\u1ea9u c\u1ee7a m\u00ecnh, b\u1ea1n c\u00f3 th\u1ec3 \u0111\u1eb7t l\u1ea1i m\u1eadt kh\u1ea9u trong li\u00ean k\u1ebft &#8220;Qu\u00ean m\u1eadt kh\u1ea9u&#8221;. B\u1ea1n ch\u01b0a c\u00f3 t\u00e0i kho\u1ea3n? B\u1ea1n nh\u1eadn \u0111\u01b0\u1ee3c m\u1ed9t t\u00e0i kho\u1ea3n n\u1ebfu b\u1ea1n c\u00f3 quy\u1ec1n [&hellip;]<\/p>\n","protected":false},"author":1,"featured_media":0,"parent":0,"menu_order":0,"comment_status":"closed","ping_status":"closed","template":"","meta":{"_sitemap_exclude":false,"_sitemap_priority":"","_sitemap_frequency":"","footnotes":""},"class_list":["post-24050","page","type-page","status-publish","hentry"],"yoast_head":"<!-- This site is optimized with the Yoast SEO plugin v27.4 - https:\/\/yoast.com\/product\/yoast-seo-wordpress\/ -->\n<title>\u0110\u0103ng nh\u1eadp<\/title>\n<meta name=\"description\" content=\"German-Workout\" \/>\n<meta name=\"robots\" content=\"index, follow, max-snippet:-1, max-image-preview:large, max-video-preview:-1\" \/>\n<link rel=\"canonical\" href=\"https:\/\/www.german-workout.com\/vi\/dang-nhap\/\" \/>\n<meta property=\"og:locale\" content=\"vi_VN\" \/>\n<meta property=\"og:type\" content=\"article\" \/>\n<meta property=\"og:title\" content=\"\u0110\u0103ng nh\u1eadp\" \/>\n<meta property=\"og:description\" content=\"German-Workout\" \/>\n<meta property=\"og:url\" content=\"https:\/\/www.german-workout.com\/vi\/dang-nhap\/\" \/>\n<meta property=\"og:site_name\" content=\"German-Workout\" \/>\n<meta property=\"article:publisher\" content=\"https:\/\/www.facebook.com\/german.workout\/\" \/>\n<meta property=\"article:modified_time\" content=\"2025-01-10T17:43:20+00:00\" \/>\n<meta property=\"og:image\" content=\"https:\/\/www.german-workout.com\/wp-content\/uploads\/2024\/05\/German-Workout-Logo-full.png\" \/>\n\t<meta property=\"og:image:width\" content=\"997\" \/>\n\t<meta property=\"og:image:height\" content=\"608\" \/>\n\t<meta property=\"og:image:type\" content=\"image\/png\" \/>\n<meta name=\"twitter:card\" content=\"summary_large_image\" \/>\n<meta name=\"twitter:label1\" content=\"Est. reading time\" \/>\n\t<meta name=\"twitter:data1\" content=\"1 minute\" \/>\n<script type=\"application\/ld+json\" class=\"yoast-schema-graph\">{\"@context\":\"https:\\\/\\\/schema.org\",\"@graph\":[{\"@type\":\"WebPage\",\"@id\":\"https:\\\/\\\/www.german-workout.com\\\/vi\\\/dang-nhap\\\/\",\"url\":\"https:\\\/\\\/www.german-workout.com\\\/vi\\\/dang-nhap\\\/\",\"name\":\"\u0110\u0103ng nh\u1eadp\",\"isPartOf\":{\"@id\":\"https:\\\/\\\/www.german-workout.com\\\/vi\\\/#website\"},\"datePublished\":\"2024-04-26T12:18:18+00:00\",\"dateModified\":\"2025-01-10T17:43:20+00:00\",\"description\":\"German-Workout\",\"breadcrumb\":{\"@id\":\"https:\\\/\\\/www.german-workout.com\\\/vi\\\/dang-nhap\\\/#breadcrumb\"},\"inLanguage\":\"vi-VN\",\"potentialAction\":[{\"@type\":\"ReadAction\",\"target\":[\"https:\\\/\\\/www.german-workout.com\\\/vi\\\/dang-nhap\\\/\"]}]},{\"@type\":\"BreadcrumbList\",\"@id\":\"https:\\\/\\\/www.german-workout.com\\\/vi\\\/dang-nhap\\\/#breadcrumb\",\"itemListElement\":[{\"@type\":\"ListItem\",\"position\":1,\"name\":\"Home\",\"item\":\"https:\\\/\\\/www.german-workout.com\\\/vi\\\/\"},{\"@type\":\"ListItem\",\"position\":2,\"name\":\"\u0110\u0103ng nh\u1eadp\"}]},{\"@type\":\"WebSite\",\"@id\":\"https:\\\/\\\/www.german-workout.com\\\/vi\\\/#website\",\"url\":\"https:\\\/\\\/www.german-workout.com\\\/vi\\\/\",\"name\":\"German-Workout\",\"description\":\"Your German language training platform\",\"publisher\":{\"@id\":\"https:\\\/\\\/www.german-workout.com\\\/vi\\\/#organization\"},\"potentialAction\":[{\"@type\":\"SearchAction\",\"target\":{\"@type\":\"EntryPoint\",\"urlTemplate\":\"https:\\\/\\\/www.german-workout.com\\\/vi\\\/?s={search_term_string}\"},\"query-input\":{\"@type\":\"PropertyValueSpecification\",\"valueRequired\":true,\"valueName\":\"search_term_string\"}}],\"inLanguage\":\"vi-VN\"},{\"@type\":\"Organization\",\"@id\":\"https:\\\/\\\/www.german-workout.com\\\/vi\\\/#organization\",\"name\":\"German-Workout\",\"url\":\"https:\\\/\\\/www.german-workout.com\\\/vi\\\/\",\"logo\":{\"@type\":\"ImageObject\",\"inLanguage\":\"vi-VN\",\"@id\":\"https:\\\/\\\/www.german-workout.com\\\/vi\\\/#\\\/schema\\\/logo\\\/image\\\/\",\"url\":\"https:\\\/\\\/www.german-workout.com\\\/wp-content\\\/uploads\\\/2024\\\/04\\\/Logo-End1.png\",\"contentUrl\":\"https:\\\/\\\/www.german-workout.com\\\/wp-content\\\/uploads\\\/2024\\\/04\\\/Logo-End1.png\",\"width\":698,\"height\":608,\"caption\":\"German-Workout\"},\"image\":{\"@id\":\"https:\\\/\\\/www.german-workout.com\\\/vi\\\/#\\\/schema\\\/logo\\\/image\\\/\"},\"sameAs\":[\"https:\\\/\\\/www.facebook.com\\\/german.workout\\\/\"]}]}<\/script>\n<!-- \/ Yoast SEO plugin. -->","yoast_head_json":{"title":"\u0110\u0103ng nh\u1eadp","description":"German-Workout","robots":{"index":"index","follow":"follow","max-snippet":"max-snippet:-1","max-image-preview":"max-image-preview:large","max-video-preview":"max-video-preview:-1"},"canonical":"https:\/\/www.german-workout.com\/vi\/dang-nhap\/","og_locale":"vi_VN","og_type":"article","og_title":"\u0110\u0103ng nh\u1eadp","og_description":"German-Workout","og_url":"https:\/\/www.german-workout.com\/vi\/dang-nhap\/","og_site_name":"German-Workout","article_publisher":"https:\/\/www.facebook.com\/german.workout\/","article_modified_time":"2025-01-10T17:43:20+00:00","og_image":[{"width":997,"height":608,"url":"https:\/\/www.german-workout.com\/wp-content\/uploads\/2024\/05\/German-Workout-Logo-full.png","type":"image\/png"}],"twitter_card":"summary_large_image","twitter_misc":{"Est. reading time":"1 minute"},"schema":{"@context":"https:\/\/schema.org","@graph":[{"@type":"WebPage","@id":"https:\/\/www.german-workout.com\/vi\/dang-nhap\/","url":"https:\/\/www.german-workout.com\/vi\/dang-nhap\/","name":"\u0110\u0103ng nh\u1eadp","isPartOf":{"@id":"https:\/\/www.german-workout.com\/vi\/#website"},"datePublished":"2024-04-26T12:18:18+00:00","dateModified":"2025-01-10T17:43:20+00:00","description":"German-Workout","breadcrumb":{"@id":"https:\/\/www.german-workout.com\/vi\/dang-nhap\/#breadcrumb"},"inLanguage":"vi-VN","potentialAction":[{"@type":"ReadAction","target":["https:\/\/www.german-workout.com\/vi\/dang-nhap\/"]}]},{"@type":"BreadcrumbList","@id":"https:\/\/www.german-workout.com\/vi\/dang-nhap\/#breadcrumb","itemListElement":[{"@type":"ListItem","position":1,"name":"Home","item":"https:\/\/www.german-workout.com\/vi\/"},{"@type":"ListItem","position":2,"name":"\u0110\u0103ng nh\u1eadp"}]},{"@type":"WebSite","@id":"https:\/\/www.german-workout.com\/vi\/#website","url":"https:\/\/www.german-workout.com\/vi\/","name":"German-Workout","description":"Your German language training platform","publisher":{"@id":"https:\/\/www.german-workout.com\/vi\/#organization"},"potentialAction":[{"@type":"SearchAction","target":{"@type":"EntryPoint","urlTemplate":"https:\/\/www.german-workout.com\/vi\/?s={search_term_string}"},"query-input":{"@type":"PropertyValueSpecification","valueRequired":true,"valueName":"search_term_string"}}],"inLanguage":"vi-VN"},{"@type":"Organization","@id":"https:\/\/www.german-workout.com\/vi\/#organization","name":"German-Workout","url":"https:\/\/www.german-workout.com\/vi\/","logo":{"@type":"ImageObject","inLanguage":"vi-VN","@id":"https:\/\/www.german-workout.com\/vi\/#\/schema\/logo\/image\/","url":"https:\/\/www.german-workout.com\/wp-content\/uploads\/2024\/04\/Logo-End1.png","contentUrl":"https:\/\/www.german-workout.com\/wp-content\/uploads\/2024\/04\/Logo-End1.png","width":698,"height":608,"caption":"German-Workout"},"image":{"@id":"https:\/\/www.german-workout.com\/vi\/#\/schema\/logo\/image\/"},"sameAs":["https:\/\/www.facebook.com\/german.workout\/"]}]}},"_links":{"self":[{"href":"https:\/\/www.german-workout.com\/vi\/wp-json\/wp\/v2\/pages\/24050","targetHints":{"allow":["GET"]}}],"collection":[{"href":"https:\/\/www.german-workout.com\/vi\/wp-json\/wp\/v2\/pages"}],"about":[{"href":"https:\/\/www.german-workout.com\/vi\/wp-json\/wp\/v2\/types\/page"}],"author":[{"embeddable":true,"href":"https:\/\/www.german-workout.com\/vi\/wp-json\/wp\/v2\/users\/1"}],"replies":[{"embeddable":true,"href":"https:\/\/www.german-workout.com\/vi\/wp-json\/wp\/v2\/comments?post=24050"}],"version-history":[{"count":0,"href":"https:\/\/www.german-workout.com\/vi\/wp-json\/wp\/v2\/pages\/24050\/revisions"}],"wp:attachment":[{"href":"https:\/\/www.german-workout.com\/vi\/wp-json\/wp\/v2\/media?parent=24050"}],"curies":[{"name":"wp","href":"https:\/\/api.w.org\/{rel}","templated":true}]}}