{"id":24048,"date":"2022-05-19T23:06:59","date_gmt":"2022-05-19T21:06:59","guid":{"rendered":"https:\/\/www.german-workout.com\/thong-bao-phap-ly\/"},"modified":"2024-10-18T14:35:04","modified_gmt":"2024-10-18T12:35:04","slug":"thong-bao-phap-ly","status":"publish","type":"page","link":"https:\/\/www.german-workout.com\/vi\/thong-bao-phap-ly\/","title":{"rendered":"Th\u00f4ng b\u00e1o ph\u00e1p l\u00fd"},"content":{"rendered":"\t\t<div data-elementor-type=\"wp-page\" data-elementor-id=\"24048\" class=\"elementor elementor-24048 elementor-17952\" data-elementor-post-type=\"page\">\n\t\t\t\t<div class=\"elementor-element elementor-element-1c6c31b e-flex e-con-boxed e-con e-parent\" data-id=\"1c6c31b\" data-element_type=\"container\" data-e-type=\"container\">\n\t\t\t\t\t<div class=\"e-con-inner\">\n\t\t\t\t<div class=\"elementor-element elementor-element-8ed5d04 elementor-widget elementor-widget-text-editor\" data-id=\"8ed5d04\" data-element_type=\"widget\" data-e-type=\"widget\" data-widget_type=\"text-editor.default\">\n\t\t\t\t<div class=\"elementor-widget-container\">\n\t\t\t\t\t\t\t\t\t<p>Ch\u1ecbu tr\u00e1ch nhi\u1ec7m v\u1ec1 n\u1ed9i dung c\u1ee7a trang web n\u00e0y theo ngh\u0129a c\u1ee7a \u0110\u1ea1o lu\u1eadt Vi\u1ec5n th\u00f4ng \u0110\u1ee9c (TMG) v\u00e0 Hi\u1ec7p \u01b0\u1edbc Ph\u00e1t thanh Truy\u1ec1n h\u00ecnh Li\u00ean bang (RStV):<\/p>\n<p><strong>3T-SPRACHWORKOUT<\/strong> <strong>GmbH<\/strong>, Urbanstra\u00dfe 71, 3. Hof, 4.TRH, 1.OG, 10967 Berlin, Germany <\/p>\n<p><span style=\"text-align: var(--text-align);\">E-Mail: <\/span><a style=\"text-align: var(--text-align); background-color: #ffffff; color: #000000;\" target=\"_new\" rel=\"noreferrer\">info@german-workout.com<\/a><\/p>\n<p>Phone: +49 (0) 30 65862465<\/p>\n<p>Gi\u00e1m \u0111\u1ed1c \u0111i\u1ec1u h\u00e0nh c\u00f3 quy\u1ec1n \u0111\u1ea1i di\u1ec7n: <strong>Ti\u1ebfn s\u0129 Ng\u00f4 Th\u1ecb Ch\u00e2u Trinh<\/strong><\/p>\n<p>M\u00e3 s\u1ed1 thu\u1ebf b\u00e1n h\u00e0ng theo \u00a7 27a lu\u1eadt thu\u1ebf b\u00e1n h\u00e0ng: DE368387370<\/p>\n<p>T\u00f2a \u00e1n \u0111\u1ecba ph\u01b0\u01a1ng c\u00f3 th\u1ea9m quy\u1ec1n: T\u00f2a \u00e1n \u0111\u1ecba ph\u01b0\u01a1ng Berlin (Charlottenburg) <\/p>\n<p>S\u1ed1 \u0111\u0103ng k\u00fd th\u01b0\u01a1ng m\u1ea1i: HRB 264480<\/p>\n<p>Th\u00f4ng b\u00e1o theo \u00a7 36 c\u1ee7a \u0110\u1ea1o lu\u1eadt Gi\u1ea3i quy\u1ebft Tranh ch\u1ea5p Ng\u01b0\u1eddi ti\u00eau d\u00f9ng (VSBG): Ch\u00fang t\u00f4i kh\u00f4ng s\u1eb5n s\u00e0ng c\u0169ng nh\u01b0 kh\u00f4ng c\u00f3 ngh\u0129a v\u1ee5 tham gia v\u00e0o c\u00e1c th\u1ee7 t\u1ee5c gi\u1ea3i quy\u1ebft tranh ch\u1ea5p tr\u01b0\u1edbc h\u1ed9i \u0111\u1ed3ng tr\u1ecdng t\u00e0i ng\u01b0\u1eddi ti\u00eau d\u00f9ng.<\/p>\n<p>Tuy\u00ean b\u1ed1 t\u1eeb ch\u1ed1i tr\u00e1ch nhi\u1ec7m: N\u1ed9i dung trang web c\u1ee7a ch\u00fang t\u00f4i \u0111\u00e3 \u0111\u01b0\u1ee3c t\u1ea1o ra v\u1edbi s\u1ef1 c\u1ea9n th\u1eadn cao nh\u1ea5t c\u00f3 th\u1ec3. Tuy nhi\u00ean, ch\u00fang t\u00f4i kh\u00f4ng th\u1ec3 ch\u1ea5p nh\u1eadn b\u1ea5t k\u1ef3 tr\u00e1ch nhi\u1ec7m ph\u00e1p l\u00fd n\u00e0o v\u1ec1 t\u00ednh ch\u00ednh x\u00e1c, \u0111\u1ea7y \u0111\u1ee7 v\u00e0 c\u1eadp nh\u1eadt c\u1ee7a n\u1ed9i dung. L\u00e0 m\u1ed9t nh\u00e0 cung c\u1ea5p d\u1ecbch v\u1ee5, ch\u00fang t\u00f4i ch\u1ecbu tr\u00e1ch nhi\u1ec7m theo \u00a7 7 Abs.1 TMG v\u1ec1 n\u1ed9i dung ri\u00eang tr\u00ean c\u00e1c trang n\u00e0y theo lu\u1eadt chung. Tuy nhi\u00ean, theo \u00a7\u00a7 8 \u0111\u1ebfn 10 TMG, ch\u00fang t\u00f4i v\u1edbi t\u01b0 c\u00e1ch l\u00e0 nh\u00e0 cung c\u1ea5p d\u1ecbch v\u1ee5 kh\u00f4ng c\u00f3 ngh\u0129a v\u1ee5 gi\u00e1m s\u00e1t th\u00f4ng tin c\u1ee7a b\u00ean th\u1ee9 ba \u0111\u01b0\u1ee3c truy\u1ec1n ho\u1eb7c l\u01b0u tr\u1eef ho\u1eb7c \u0111i\u1ec1u tra c\u00e1c tr\u01b0\u1eddng h\u1ee3p cho th\u1ea5y ho\u1ea1t \u0111\u1ed9ng b\u1ea5t h\u1ee3p ph\u00e1p. Ngh\u0129a v\u1ee5 x\u00f3a ho\u1eb7c ch\u1eb7n vi\u1ec7c s\u1eed d\u1ee5ng th\u00f4ng tin theo lu\u1eadt ph\u00e1p chung v\u1eabn kh\u00f4ng b\u1ecb \u1ea3nh h\u01b0\u1edfng b\u1edfi \u0111i\u1ec1u n\u00e0y. Tuy nhi\u00ean, tr\u00e1ch nhi\u1ec7m ph\u00e1p l\u00fd v\u1ec1 m\u1eb7t n\u00e0y ch\u1ec9 c\u00f3 th\u1ec3 k\u1ec3 t\u1eeb th\u1eddi \u0111i\u1ec3m bi\u1ebft v\u1ec1 m\u1ed9t vi ph\u1ea1m c\u1ee5 th\u1ec3. Ngay sau khi ch\u00fang t\u00f4i nh\u1eadn th\u1ea5y nh\u1eefng vi ph\u1ea1m nh\u01b0 v\u1eady, ch\u00fang t\u00f4i s\u1ebd x\u00f3a n\u1ed9i dung n\u00e0y ngay l\u1eadp t\u1ee9c.        <\/p>\n<p>B\u1ea3n quy\u1ec1n: N\u1ed9i dung v\u00e0 t\u00e1c ph\u1ea9m \u0111\u01b0\u1ee3c t\u1ea1o b\u1edfi c\u00e1c nh\u00e0 \u0111i\u1ec1u h\u00e0nh trang web tr\u00ean trang web n\u00e0y ph\u1ea3i tu\u00e2n theo lu\u1eadt b\u1ea3n quy\u1ec1n c\u1ee7a \u0110\u1ee9c. Sao ch\u00e9p, x\u1eed l\u00fd, ph\u00e2n ph\u1ed1i v\u00e0 b\u1ea5t k\u1ef3 h\u00ecnh th\u1ee9c th\u01b0\u01a1ng m\u1ea1i h\u00f3a t\u00e0i li\u1ec7u n\u00e0o ngo\u00e0i ph\u1ea1m vi c\u1ee7a lu\u1eadt b\u1ea3n quy\u1ec1n ph\u1ea3i c\u00f3 s\u1ef1 \u0111\u1ed3ng \u00fd tr\u01b0\u1edbc b\u1eb1ng v\u0103n b\u1ea3n c\u1ee7a t\u00e1c gi\u1ea3 ho\u1eb7c ng\u01b0\u1eddi s\u00e1ng t\u1ea1o t\u01b0\u01a1ng \u1ee9ng. T\u1ea3i xu\u1ed1ng v\u00e0 b\u1ea3n sao c\u1ee7a trang web n\u00e0y ch\u1ec9 \u0111\u01b0\u1ee3c ph\u00e9p s\u1eed d\u1ee5ng ri\u00eang t\u01b0, phi th\u01b0\u01a1ng m\u1ea1i. Trong ch\u1eebng m\u1ef1c n\u1ed9i dung tr\u00ean trang web n\u00e0y kh\u00f4ng \u0111\u01b0\u1ee3c t\u1ea1o ra b\u1edfi nh\u00e0 \u0111i\u1ec1u h\u00e0nh, b\u1ea3n quy\u1ec1n c\u1ee7a b\u00ean th\u1ee9 ba \u0111\u01b0\u1ee3c t\u00f4n tr\u1ecdng. \u0110\u1eb7c bi\u1ec7t, n\u1ed9i dung c\u1ee7a b\u00ean th\u1ee9 ba \u0111\u01b0\u1ee3c x\u00e1c \u0111\u1ecbnh nh\u01b0 v\u1eady. Tuy nhi\u00ean, n\u1ebfu b\u1ea1n bi\u1ebft v\u1ec1 vi ph\u1ea1m b\u1ea3n quy\u1ec1n, vui l\u00f2ng th\u00f4ng b\u00e1o cho ch\u00fang t\u00f4i. N\u1ebfu ch\u00fang t\u00f4i nh\u1eadn th\u1ea5y b\u1ea5t k\u1ef3 vi ph\u1ea1m n\u00e0o, ch\u00fang t\u00f4i s\u1ebd x\u00f3a n\u1ed9i dung \u0111\u00f3 ngay l\u1eadp t\u1ee9c.       <\/p>\n\t\t\t\t\t\t\t\t<\/div>\n\t\t\t\t<\/div>\n\t\t\t\t\t<\/div>\n\t\t\t\t<\/div>\n\t\t\t\t<\/div>\n\t\t","protected":false},"excerpt":{"rendered":"<p>Ch\u1ecbu tr\u00e1ch nhi\u1ec7m v\u1ec1 n\u1ed9i dung c\u1ee7a trang web n\u00e0y theo ngh\u0129a c\u1ee7a \u0110\u1ea1o lu\u1eadt Vi\u1ec5n th\u00f4ng \u0110\u1ee9c (TMG) v\u00e0 Hi\u1ec7p \u01b0\u1edbc Ph\u00e1t thanh Truy\u1ec1n h\u00ecnh Li\u00ean bang (RStV): 3T-SPRACHWORKOUT GmbH, Urbanstra\u00dfe 71, 3. Hof, 4.TRH, 1.OG, 10967 Berlin, Germany E-Mail: info@german-workout.com Phone: +49 (0) 30 65862465 Gi\u00e1m \u0111\u1ed1c \u0111i\u1ec1u h\u00e0nh c\u00f3 quy\u1ec1n \u0111\u1ea1i di\u1ec7n: [&hellip;]<\/p>\n","protected":false},"author":1,"featured_media":0,"parent":0,"menu_order":0,"comment_status":"closed","ping_status":"closed","template":"","meta":{"_sitemap_exclude":false,"_sitemap_priority":"","_sitemap_frequency":"","footnotes":""},"class_list":["post-24048","page","type-page","status-publish","hentry"],"yoast_head":"<!-- This site is optimized with the Yoast SEO plugin v27.4 - https:\/\/yoast.com\/product\/yoast-seo-wordpress\/ -->\n<title>Th\u00f4ng b\u00e1o ph\u00e1p l\u00fd<\/title>\n<meta name=\"description\" content=\"German-Workout\" \/>\n<meta name=\"robots\" content=\"index, follow, max-snippet:-1, max-image-preview:large, max-video-preview:-1\" \/>\n<link rel=\"canonical\" href=\"https:\/\/www.german-workout.com\/vi\/thong-bao-phap-ly\/\" \/>\n<meta property=\"og:locale\" content=\"vi_VN\" \/>\n<meta property=\"og:type\" content=\"article\" \/>\n<meta property=\"og:title\" content=\"Th\u00f4ng b\u00e1o ph\u00e1p l\u00fd\" \/>\n<meta property=\"og:description\" content=\"German-Workout\" \/>\n<meta property=\"og:url\" content=\"https:\/\/www.german-workout.com\/vi\/thong-bao-phap-ly\/\" \/>\n<meta property=\"og:site_name\" content=\"German-Workout\" \/>\n<meta property=\"article:publisher\" content=\"https:\/\/www.facebook.com\/german.workout\/\" \/>\n<meta property=\"article:modified_time\" content=\"2024-10-18T12:35:04+00:00\" \/>\n<meta property=\"og:image\" content=\"https:\/\/www.german-workout.com\/wp-content\/uploads\/2024\/05\/German-Workout-Logo-full.png\" \/>\n\t<meta property=\"og:image:width\" content=\"997\" \/>\n\t<meta property=\"og:image:height\" content=\"608\" \/>\n\t<meta property=\"og:image:type\" content=\"image\/png\" \/>\n<meta name=\"twitter:card\" content=\"summary_large_image\" \/>\n<meta name=\"twitter:label1\" content=\"Est. reading time\" \/>\n\t<meta name=\"twitter:data1\" content=\"4 minutes\" \/>\n<script type=\"application\/ld+json\" class=\"yoast-schema-graph\">{\"@context\":\"https:\\\/\\\/schema.org\",\"@graph\":[{\"@type\":\"WebPage\",\"@id\":\"https:\\\/\\\/www.german-workout.com\\\/vi\\\/thong-bao-phap-ly\\\/\",\"url\":\"https:\\\/\\\/www.german-workout.com\\\/vi\\\/thong-bao-phap-ly\\\/\",\"name\":\"Th\u00f4ng b\u00e1o ph\u00e1p l\u00fd\",\"isPartOf\":{\"@id\":\"https:\\\/\\\/www.german-workout.com\\\/vi\\\/#website\"},\"datePublished\":\"2022-05-19T21:06:59+00:00\",\"dateModified\":\"2024-10-18T12:35:04+00:00\",\"description\":\"German-Workout\",\"breadcrumb\":{\"@id\":\"https:\\\/\\\/www.german-workout.com\\\/vi\\\/thong-bao-phap-ly\\\/#breadcrumb\"},\"inLanguage\":\"vi-VN\",\"potentialAction\":[{\"@type\":\"ReadAction\",\"target\":[\"https:\\\/\\\/www.german-workout.com\\\/vi\\\/thong-bao-phap-ly\\\/\"]}]},{\"@type\":\"BreadcrumbList\",\"@id\":\"https:\\\/\\\/www.german-workout.com\\\/vi\\\/thong-bao-phap-ly\\\/#breadcrumb\",\"itemListElement\":[{\"@type\":\"ListItem\",\"position\":1,\"name\":\"Home\",\"item\":\"https:\\\/\\\/www.german-workout.com\\\/vi\\\/\"},{\"@type\":\"ListItem\",\"position\":2,\"name\":\"Th\u00f4ng b\u00e1o ph\u00e1p l\u00fd\"}]},{\"@type\":\"WebSite\",\"@id\":\"https:\\\/\\\/www.german-workout.com\\\/vi\\\/#website\",\"url\":\"https:\\\/\\\/www.german-workout.com\\\/vi\\\/\",\"name\":\"German-Workout\",\"description\":\"Your German language training platform\",\"publisher\":{\"@id\":\"https:\\\/\\\/www.german-workout.com\\\/vi\\\/#organization\"},\"potentialAction\":[{\"@type\":\"SearchAction\",\"target\":{\"@type\":\"EntryPoint\",\"urlTemplate\":\"https:\\\/\\\/www.german-workout.com\\\/vi\\\/?s={search_term_string}\"},\"query-input\":{\"@type\":\"PropertyValueSpecification\",\"valueRequired\":true,\"valueName\":\"search_term_string\"}}],\"inLanguage\":\"vi-VN\"},{\"@type\":\"Organization\",\"@id\":\"https:\\\/\\\/www.german-workout.com\\\/vi\\\/#organization\",\"name\":\"German-Workout\",\"url\":\"https:\\\/\\\/www.german-workout.com\\\/vi\\\/\",\"logo\":{\"@type\":\"ImageObject\",\"inLanguage\":\"vi-VN\",\"@id\":\"https:\\\/\\\/www.german-workout.com\\\/vi\\\/#\\\/schema\\\/logo\\\/image\\\/\",\"url\":\"https:\\\/\\\/www.german-workout.com\\\/wp-content\\\/uploads\\\/2024\\\/04\\\/Logo-End1.png\",\"contentUrl\":\"https:\\\/\\\/www.german-workout.com\\\/wp-content\\\/uploads\\\/2024\\\/04\\\/Logo-End1.png\",\"width\":698,\"height\":608,\"caption\":\"German-Workout\"},\"image\":{\"@id\":\"https:\\\/\\\/www.german-workout.com\\\/vi\\\/#\\\/schema\\\/logo\\\/image\\\/\"},\"sameAs\":[\"https:\\\/\\\/www.facebook.com\\\/german.workout\\\/\"]}]}<\/script>\n<!-- \/ Yoast SEO plugin. -->","yoast_head_json":{"title":"Th\u00f4ng b\u00e1o ph\u00e1p l\u00fd","description":"German-Workout","robots":{"index":"index","follow":"follow","max-snippet":"max-snippet:-1","max-image-preview":"max-image-preview:large","max-video-preview":"max-video-preview:-1"},"canonical":"https:\/\/www.german-workout.com\/vi\/thong-bao-phap-ly\/","og_locale":"vi_VN","og_type":"article","og_title":"Th\u00f4ng b\u00e1o ph\u00e1p l\u00fd","og_description":"German-Workout","og_url":"https:\/\/www.german-workout.com\/vi\/thong-bao-phap-ly\/","og_site_name":"German-Workout","article_publisher":"https:\/\/www.facebook.com\/german.workout\/","article_modified_time":"2024-10-18T12:35:04+00:00","og_image":[{"width":997,"height":608,"url":"https:\/\/www.german-workout.com\/wp-content\/uploads\/2024\/05\/German-Workout-Logo-full.png","type":"image\/png"}],"twitter_card":"summary_large_image","twitter_misc":{"Est. reading time":"4 minutes"},"schema":{"@context":"https:\/\/schema.org","@graph":[{"@type":"WebPage","@id":"https:\/\/www.german-workout.com\/vi\/thong-bao-phap-ly\/","url":"https:\/\/www.german-workout.com\/vi\/thong-bao-phap-ly\/","name":"Th\u00f4ng b\u00e1o ph\u00e1p l\u00fd","isPartOf":{"@id":"https:\/\/www.german-workout.com\/vi\/#website"},"datePublished":"2022-05-19T21:06:59+00:00","dateModified":"2024-10-18T12:35:04+00:00","description":"German-Workout","breadcrumb":{"@id":"https:\/\/www.german-workout.com\/vi\/thong-bao-phap-ly\/#breadcrumb"},"inLanguage":"vi-VN","potentialAction":[{"@type":"ReadAction","target":["https:\/\/www.german-workout.com\/vi\/thong-bao-phap-ly\/"]}]},{"@type":"BreadcrumbList","@id":"https:\/\/www.german-workout.com\/vi\/thong-bao-phap-ly\/#breadcrumb","itemListElement":[{"@type":"ListItem","position":1,"name":"Home","item":"https:\/\/www.german-workout.com\/vi\/"},{"@type":"ListItem","position":2,"name":"Th\u00f4ng b\u00e1o ph\u00e1p l\u00fd"}]},{"@type":"WebSite","@id":"https:\/\/www.german-workout.com\/vi\/#website","url":"https:\/\/www.german-workout.com\/vi\/","name":"German-Workout","description":"Your German language training platform","publisher":{"@id":"https:\/\/www.german-workout.com\/vi\/#organization"},"potentialAction":[{"@type":"SearchAction","target":{"@type":"EntryPoint","urlTemplate":"https:\/\/www.german-workout.com\/vi\/?s={search_term_string}"},"query-input":{"@type":"PropertyValueSpecification","valueRequired":true,"valueName":"search_term_string"}}],"inLanguage":"vi-VN"},{"@type":"Organization","@id":"https:\/\/www.german-workout.com\/vi\/#organization","name":"German-Workout","url":"https:\/\/www.german-workout.com\/vi\/","logo":{"@type":"ImageObject","inLanguage":"vi-VN","@id":"https:\/\/www.german-workout.com\/vi\/#\/schema\/logo\/image\/","url":"https:\/\/www.german-workout.com\/wp-content\/uploads\/2024\/04\/Logo-End1.png","contentUrl":"https:\/\/www.german-workout.com\/wp-content\/uploads\/2024\/04\/Logo-End1.png","width":698,"height":608,"caption":"German-Workout"},"image":{"@id":"https:\/\/www.german-workout.com\/vi\/#\/schema\/logo\/image\/"},"sameAs":["https:\/\/www.facebook.com\/german.workout\/"]}]}},"_links":{"self":[{"href":"https:\/\/www.german-workout.com\/vi\/wp-json\/wp\/v2\/pages\/24048","targetHints":{"allow":["GET"]}}],"collection":[{"href":"https:\/\/www.german-workout.com\/vi\/wp-json\/wp\/v2\/pages"}],"about":[{"href":"https:\/\/www.german-workout.com\/vi\/wp-json\/wp\/v2\/types\/page"}],"author":[{"embeddable":true,"href":"https:\/\/www.german-workout.com\/vi\/wp-json\/wp\/v2\/users\/1"}],"replies":[{"embeddable":true,"href":"https:\/\/www.german-workout.com\/vi\/wp-json\/wp\/v2\/comments?post=24048"}],"version-history":[{"count":0,"href":"https:\/\/www.german-workout.com\/vi\/wp-json\/wp\/v2\/pages\/24048\/revisions"}],"wp:attachment":[{"href":"https:\/\/www.german-workout.com\/vi\/wp-json\/wp\/v2\/media?parent=24048"}],"curies":[{"name":"wp","href":"https:\/\/api.w.org\/{rel}","templated":true}]}}