{"id":24032,"date":"2024-05-19T23:07:41","date_gmt":"2024-05-19T21:07:41","guid":{"rendered":"https:\/\/www.german-workout.com\/xoa-tai-khoan-cua-toi\/"},"modified":"2024-10-18T11:27:10","modified_gmt":"2024-10-18T09:27:10","slug":"xoa-tai-khoan-cua-toi","status":"publish","type":"page","link":"https:\/\/www.german-workout.com\/vi\/xoa-tai-khoan-cua-toi\/","title":{"rendered":"X\u00f3a t\u00e0i kho\u1ea3n c\u1ee7a t\u00f4i"},"content":{"rendered":"\t\t<div data-elementor-type=\"wp-page\" data-elementor-id=\"24032\" class=\"elementor elementor-24032 elementor-18051\" data-elementor-post-type=\"page\">\n\t\t\t\t<div class=\"elementor-element elementor-element-5cb5276 e-flex e-con-boxed e-con e-parent\" data-id=\"5cb5276\" data-element_type=\"container\" data-e-type=\"container\">\n\t\t\t\t\t<div class=\"e-con-inner\">\n\t\t\t\t<div class=\"elementor-element elementor-element-d35cef9 elementor-widget elementor-widget-text-editor\" data-id=\"d35cef9\" data-element_type=\"widget\" data-e-type=\"widget\" data-widget_type=\"text-editor.default\">\n\t\t\t\t<div class=\"elementor-widget-container\">\n\t\t\t\t\t\t\t\t\t<p>B\u1ea1n c\u00f3 th\u1ec3 x\u00f3a t\u00e0i kho\u1ea3n tr\u00ean trang n\u00e0y.<br \/>\nN\u1ebfu b\u1ea1n x\u00f3a t\u00e0i kho\u1ea3n \/ t\u00e0i kho\u1ea3n s\u1eed d\u1ee5ng tr\u00ean german-workout, t\u1ea5t c\u1ea3 d\u1eef li\u1ec7u b\u1ea1n \u0111\u00e3 l\u01b0u tr\u1eef s\u1ebd b\u1ecb x\u00f3a.<br \/>\n\u0110i\u1ec1u n\u00e0y c\u0169ng \u00e1p d\u1ee5ng cho c\u00e1c g\u00f3i \u0111\u00e3 mua v\u00e0 g\u00f3i tr\u1ea3 ph\u00ed \u0111ang ho\u1ea1t \u0111\u1ed9ng v\u00e0 kh\u00f4ng ho\u1ea1t \u0111\u1ed9ng v\u00e0 b\u1ea1n s\u1ebd kh\u00f4ng c\u00f2n quy\u1ec1n truy c\u1eadp n\u1eefa. <\/p>\n<p>X\u00f3a t\u00e0i kho\u1ea3n c\u1ee7a b\u1ea1n l\u00e0 kh\u00f4ng th\u1ec3 thu h\u1ed3i v\u00e0 m\u1ecdi g\u00f3i luy\u1ec7n kh\u00f4ng th\u1ec3 kh\u00f4i ph\u1ee5c \u0111\u01b0\u1ee3c n\u1eefa.<br \/>\nB\u1eb1ng c\u00e1ch nh\u1eadp m\u1eadt kh\u1ea9u c\u1ee7a b\u1ea1n v\u00e0 nh\u1ea5p v\u00e0o n\u00fat &#8220;X\u00e1c nh\u1eadn x\u00f3a&#8221;, b\u1ea1n \u0111\u1ed3ng \u00fd v\u1edbi \u0111i\u1ec1u n\u00e0y. <\/p>\n<p>[plugin_delete_me \/]<\/p><\/p>\n\t\t\t\t\t\t\t\t<\/div>\n\t\t\t\t<\/div>\n\t\t\t\t<div class=\"elementor-element elementor-element-d1466e2 elementor-widget elementor-widget-spacer\" data-id=\"d1466e2\" data-element_type=\"widget\" data-e-type=\"widget\" data-widget_type=\"spacer.default\">\n\t\t\t\t<div class=\"elementor-widget-container\">\n\t\t\t\t\t\t\t<div class=\"elementor-spacer\">\n\t\t\t<div class=\"elementor-spacer-inner\"><\/div>\n\t\t<\/div>\n\t\t\t\t\t\t<\/div>\n\t\t\t\t<\/div>\n\t\t\t\t\t<\/div>\n\t\t\t\t<\/div>\n\t\t\t\t<\/div>\n\t\t","protected":false},"excerpt":{"rendered":"<p>B\u1ea1n c\u00f3 th\u1ec3 x\u00f3a t\u00e0i kho\u1ea3n tr\u00ean trang n\u00e0y. N\u1ebfu b\u1ea1n x\u00f3a t\u00e0i kho\u1ea3n \/ t\u00e0i kho\u1ea3n s\u1eed d\u1ee5ng tr\u00ean german-workout, t\u1ea5t c\u1ea3 d\u1eef li\u1ec7u b\u1ea1n \u0111\u00e3 l\u01b0u tr\u1eef s\u1ebd b\u1ecb x\u00f3a. \u0110i\u1ec1u n\u00e0y c\u0169ng \u00e1p d\u1ee5ng cho c\u00e1c g\u00f3i \u0111\u00e3 mua v\u00e0 g\u00f3i tr\u1ea3 ph\u00ed \u0111ang ho\u1ea1t \u0111\u1ed9ng v\u00e0 kh\u00f4ng ho\u1ea1t \u0111\u1ed9ng v\u00e0 b\u1ea1n [&hellip;]<\/p>\n","protected":false},"author":1,"featured_media":0,"parent":0,"menu_order":0,"comment_status":"closed","ping_status":"closed","template":"","meta":{"_sitemap_exclude":false,"_sitemap_priority":"","_sitemap_frequency":"","footnotes":""},"class_list":["post-24032","page","type-page","status-publish","hentry"],"yoast_head":"<!-- This site is optimized with the Yoast SEO plugin v27.4 - https:\/\/yoast.com\/product\/yoast-seo-wordpress\/ -->\n<title>X\u00f3a t\u00e0i kho\u1ea3n c\u1ee7a t\u00f4i<\/title>\n<meta name=\"description\" content=\"German-Workout\" \/>\n<meta name=\"robots\" content=\"index, follow, max-snippet:-1, max-image-preview:large, max-video-preview:-1\" \/>\n<link rel=\"canonical\" href=\"https:\/\/www.german-workout.com\/vi\/xoa-tai-khoan-cua-toi\/\" \/>\n<meta property=\"og:locale\" content=\"vi_VN\" \/>\n<meta property=\"og:type\" content=\"article\" \/>\n<meta property=\"og:title\" content=\"X\u00f3a t\u00e0i kho\u1ea3n c\u1ee7a t\u00f4i\" \/>\n<meta property=\"og:description\" content=\"German-Workout\" \/>\n<meta property=\"og:url\" content=\"https:\/\/www.german-workout.com\/vi\/xoa-tai-khoan-cua-toi\/\" \/>\n<meta property=\"og:site_name\" content=\"German-Workout\" \/>\n<meta property=\"article:publisher\" content=\"https:\/\/www.facebook.com\/german.workout\/\" \/>\n<meta property=\"article:modified_time\" content=\"2024-10-18T09:27:10+00:00\" \/>\n<meta property=\"og:image\" content=\"https:\/\/www.german-workout.com\/wp-content\/uploads\/2024\/05\/German-Workout-Logo-full.png\" \/>\n\t<meta property=\"og:image:width\" content=\"997\" \/>\n\t<meta property=\"og:image:height\" content=\"608\" \/>\n\t<meta property=\"og:image:type\" content=\"image\/png\" \/>\n<meta name=\"twitter:card\" content=\"summary_large_image\" \/>\n<meta name=\"twitter:label1\" content=\"Est. reading time\" \/>\n\t<meta name=\"twitter:data1\" content=\"1 minute\" \/>\n<script type=\"application\/ld+json\" class=\"yoast-schema-graph\">{\"@context\":\"https:\\\/\\\/schema.org\",\"@graph\":[{\"@type\":\"WebPage\",\"@id\":\"https:\\\/\\\/www.german-workout.com\\\/vi\\\/xoa-tai-khoan-cua-toi\\\/\",\"url\":\"https:\\\/\\\/www.german-workout.com\\\/vi\\\/xoa-tai-khoan-cua-toi\\\/\",\"name\":\"X\u00f3a t\u00e0i kho\u1ea3n c\u1ee7a t\u00f4i\",\"isPartOf\":{\"@id\":\"https:\\\/\\\/www.german-workout.com\\\/vi\\\/#website\"},\"datePublished\":\"2024-05-19T21:07:41+00:00\",\"dateModified\":\"2024-10-18T09:27:10+00:00\",\"description\":\"German-Workout\",\"breadcrumb\":{\"@id\":\"https:\\\/\\\/www.german-workout.com\\\/vi\\\/xoa-tai-khoan-cua-toi\\\/#breadcrumb\"},\"inLanguage\":\"vi-VN\",\"potentialAction\":[{\"@type\":\"ReadAction\",\"target\":[\"https:\\\/\\\/www.german-workout.com\\\/vi\\\/xoa-tai-khoan-cua-toi\\\/\"]}]},{\"@type\":\"BreadcrumbList\",\"@id\":\"https:\\\/\\\/www.german-workout.com\\\/vi\\\/xoa-tai-khoan-cua-toi\\\/#breadcrumb\",\"itemListElement\":[{\"@type\":\"ListItem\",\"position\":1,\"name\":\"Home\",\"item\":\"https:\\\/\\\/www.german-workout.com\\\/vi\\\/\"},{\"@type\":\"ListItem\",\"position\":2,\"name\":\"X\u00f3a t\u00e0i kho\u1ea3n c\u1ee7a t\u00f4i\"}]},{\"@type\":\"WebSite\",\"@id\":\"https:\\\/\\\/www.german-workout.com\\\/vi\\\/#website\",\"url\":\"https:\\\/\\\/www.german-workout.com\\\/vi\\\/\",\"name\":\"German-Workout\",\"description\":\"Your German language training platform\",\"publisher\":{\"@id\":\"https:\\\/\\\/www.german-workout.com\\\/vi\\\/#organization\"},\"potentialAction\":[{\"@type\":\"SearchAction\",\"target\":{\"@type\":\"EntryPoint\",\"urlTemplate\":\"https:\\\/\\\/www.german-workout.com\\\/vi\\\/?s={search_term_string}\"},\"query-input\":{\"@type\":\"PropertyValueSpecification\",\"valueRequired\":true,\"valueName\":\"search_term_string\"}}],\"inLanguage\":\"vi-VN\"},{\"@type\":\"Organization\",\"@id\":\"https:\\\/\\\/www.german-workout.com\\\/vi\\\/#organization\",\"name\":\"German-Workout\",\"url\":\"https:\\\/\\\/www.german-workout.com\\\/vi\\\/\",\"logo\":{\"@type\":\"ImageObject\",\"inLanguage\":\"vi-VN\",\"@id\":\"https:\\\/\\\/www.german-workout.com\\\/vi\\\/#\\\/schema\\\/logo\\\/image\\\/\",\"url\":\"https:\\\/\\\/www.german-workout.com\\\/wp-content\\\/uploads\\\/2024\\\/04\\\/Logo-End1.png\",\"contentUrl\":\"https:\\\/\\\/www.german-workout.com\\\/wp-content\\\/uploads\\\/2024\\\/04\\\/Logo-End1.png\",\"width\":698,\"height\":608,\"caption\":\"German-Workout\"},\"image\":{\"@id\":\"https:\\\/\\\/www.german-workout.com\\\/vi\\\/#\\\/schema\\\/logo\\\/image\\\/\"},\"sameAs\":[\"https:\\\/\\\/www.facebook.com\\\/german.workout\\\/\"]}]}<\/script>\n<!-- \/ Yoast SEO plugin. -->","yoast_head_json":{"title":"X\u00f3a t\u00e0i kho\u1ea3n c\u1ee7a t\u00f4i","description":"German-Workout","robots":{"index":"index","follow":"follow","max-snippet":"max-snippet:-1","max-image-preview":"max-image-preview:large","max-video-preview":"max-video-preview:-1"},"canonical":"https:\/\/www.german-workout.com\/vi\/xoa-tai-khoan-cua-toi\/","og_locale":"vi_VN","og_type":"article","og_title":"X\u00f3a t\u00e0i kho\u1ea3n c\u1ee7a t\u00f4i","og_description":"German-Workout","og_url":"https:\/\/www.german-workout.com\/vi\/xoa-tai-khoan-cua-toi\/","og_site_name":"German-Workout","article_publisher":"https:\/\/www.facebook.com\/german.workout\/","article_modified_time":"2024-10-18T09:27:10+00:00","og_image":[{"width":997,"height":608,"url":"https:\/\/www.german-workout.com\/wp-content\/uploads\/2024\/05\/German-Workout-Logo-full.png","type":"image\/png"}],"twitter_card":"summary_large_image","twitter_misc":{"Est. reading time":"1 minute"},"schema":{"@context":"https:\/\/schema.org","@graph":[{"@type":"WebPage","@id":"https:\/\/www.german-workout.com\/vi\/xoa-tai-khoan-cua-toi\/","url":"https:\/\/www.german-workout.com\/vi\/xoa-tai-khoan-cua-toi\/","name":"X\u00f3a t\u00e0i kho\u1ea3n c\u1ee7a t\u00f4i","isPartOf":{"@id":"https:\/\/www.german-workout.com\/vi\/#website"},"datePublished":"2024-05-19T21:07:41+00:00","dateModified":"2024-10-18T09:27:10+00:00","description":"German-Workout","breadcrumb":{"@id":"https:\/\/www.german-workout.com\/vi\/xoa-tai-khoan-cua-toi\/#breadcrumb"},"inLanguage":"vi-VN","potentialAction":[{"@type":"ReadAction","target":["https:\/\/www.german-workout.com\/vi\/xoa-tai-khoan-cua-toi\/"]}]},{"@type":"BreadcrumbList","@id":"https:\/\/www.german-workout.com\/vi\/xoa-tai-khoan-cua-toi\/#breadcrumb","itemListElement":[{"@type":"ListItem","position":1,"name":"Home","item":"https:\/\/www.german-workout.com\/vi\/"},{"@type":"ListItem","position":2,"name":"X\u00f3a t\u00e0i kho\u1ea3n c\u1ee7a t\u00f4i"}]},{"@type":"WebSite","@id":"https:\/\/www.german-workout.com\/vi\/#website","url":"https:\/\/www.german-workout.com\/vi\/","name":"German-Workout","description":"Your German language training platform","publisher":{"@id":"https:\/\/www.german-workout.com\/vi\/#organization"},"potentialAction":[{"@type":"SearchAction","target":{"@type":"EntryPoint","urlTemplate":"https:\/\/www.german-workout.com\/vi\/?s={search_term_string}"},"query-input":{"@type":"PropertyValueSpecification","valueRequired":true,"valueName":"search_term_string"}}],"inLanguage":"vi-VN"},{"@type":"Organization","@id":"https:\/\/www.german-workout.com\/vi\/#organization","name":"German-Workout","url":"https:\/\/www.german-workout.com\/vi\/","logo":{"@type":"ImageObject","inLanguage":"vi-VN","@id":"https:\/\/www.german-workout.com\/vi\/#\/schema\/logo\/image\/","url":"https:\/\/www.german-workout.com\/wp-content\/uploads\/2024\/04\/Logo-End1.png","contentUrl":"https:\/\/www.german-workout.com\/wp-content\/uploads\/2024\/04\/Logo-End1.png","width":698,"height":608,"caption":"German-Workout"},"image":{"@id":"https:\/\/www.german-workout.com\/vi\/#\/schema\/logo\/image\/"},"sameAs":["https:\/\/www.facebook.com\/german.workout\/"]}]}},"_links":{"self":[{"href":"https:\/\/www.german-workout.com\/vi\/wp-json\/wp\/v2\/pages\/24032","targetHints":{"allow":["GET"]}}],"collection":[{"href":"https:\/\/www.german-workout.com\/vi\/wp-json\/wp\/v2\/pages"}],"about":[{"href":"https:\/\/www.german-workout.com\/vi\/wp-json\/wp\/v2\/types\/page"}],"author":[{"embeddable":true,"href":"https:\/\/www.german-workout.com\/vi\/wp-json\/wp\/v2\/users\/1"}],"replies":[{"embeddable":true,"href":"https:\/\/www.german-workout.com\/vi\/wp-json\/wp\/v2\/comments?post=24032"}],"version-history":[{"count":0,"href":"https:\/\/www.german-workout.com\/vi\/wp-json\/wp\/v2\/pages\/24032\/revisions"}],"wp:attachment":[{"href":"https:\/\/www.german-workout.com\/vi\/wp-json\/wp\/v2\/media?parent=24032"}],"curies":[{"name":"wp","href":"https:\/\/api.w.org\/{rel}","templated":true}]}}