{"id":174,"date":"2024-05-19T23:07:41","date_gmt":"2024-05-19T21:07:41","guid":{"rendered":"http:\/\/192.168.178.185\/wp\/?page_id=174"},"modified":"2024-08-16T14:39:36","modified_gmt":"2024-08-16T12:39:36","slug":"mein-konto-loeschen-2","status":"publish","type":"page","link":"https:\/\/www.german-workout.com\/de\/mein-konto-loeschen-2\/","title":{"rendered":"Mein Konto l\u00f6schen"},"content":{"rendered":"\t\t<div data-elementor-type=\"wp-page\" data-elementor-id=\"174\" class=\"elementor elementor-174\" data-elementor-post-type=\"page\">\n\t\t\t\t<div class=\"elementor-element elementor-element-5cb5276 e-flex e-con-boxed e-con e-parent\" data-id=\"5cb5276\" data-element_type=\"container\" data-e-type=\"container\">\n\t\t\t\t\t<div class=\"e-con-inner\">\n\t\t\t\t<div class=\"elementor-element elementor-element-d35cef9 elementor-widget elementor-widget-text-editor\" data-id=\"d35cef9\" data-element_type=\"widget\" data-e-type=\"widget\" data-widget_type=\"text-editor.default\">\n\t\t\t\t<div class=\"elementor-widget-container\">\n\t\t\t\t\t\t\t\t\t<p>Auf dieser Seite kannst du ein Konto l\u00f6schen. Wenn du dein Konto\/Benutzerkonto auf german-workout l\u00f6scht, werden s\u00e4mliche von dir hinterlegten Daten gel\u00f6scht.\u00a0Das betrifft auch aktive und inaktive kostenflichtige Abonnements und Buchungen, zu denen du dann keinen Zugang mehr hast.\u00a0<\/p><p>Das L\u00f6schen deines Accounts ist unwiderruflich und eventuell aktive Buchungen k\u00f6nnen dann nicht mehr wiederhergestellt werden. Mit Eingabe deines Passworts und dem Anklicken des Buttons &#8222;L\u00f6schen best\u00e4tigen&#8220; erkl\u00e4rst du dich damit einverstanden.\u00a0<\/p><p>[plugin_delete_me \/]<\/p><p>\u00a0<\/p><p>\u00a0<\/p>\t\t\t\t\t\t\t\t<\/div>\n\t\t\t\t<\/div>\n\t\t\t\t<div class=\"elementor-element elementor-element-d1466e2 elementor-widget elementor-widget-spacer\" data-id=\"d1466e2\" data-element_type=\"widget\" data-e-type=\"widget\" data-widget_type=\"spacer.default\">\n\t\t\t\t<div class=\"elementor-widget-container\">\n\t\t\t\t\t\t\t<div class=\"elementor-spacer\">\n\t\t\t<div class=\"elementor-spacer-inner\"><\/div>\n\t\t<\/div>\n\t\t\t\t\t\t<\/div>\n\t\t\t\t<\/div>\n\t\t\t\t\t<\/div>\n\t\t\t\t<\/div>\n\t\t\t\t<\/div>\n\t\t","protected":false},"excerpt":{"rendered":"<p>Auf dieser Seite kannst du ein Konto l\u00f6schen. Wenn du dein Konto\/Benutzerkonto auf german-workout l\u00f6scht, werden s\u00e4mliche von dir hinterlegten Daten gel\u00f6scht.\u00a0Das betrifft auch aktive und inaktive kostenflichtige Abonnements und Buchungen, zu denen du dann keinen Zugang mehr hast.\u00a0 Das L\u00f6schen deines Accounts ist unwiderruflich und eventuell aktive Buchungen k\u00f6nnen dann nicht mehr wiederhergestellt werden. [&hellip;]<\/p>\n","protected":false},"author":1,"featured_media":0,"parent":0,"menu_order":0,"comment_status":"closed","ping_status":"closed","template":"","meta":{"_sitemap_exclude":false,"_sitemap_priority":"","_sitemap_frequency":"","footnotes":""},"class_list":["post-174","page","type-page","status-publish","hentry"],"yoast_head":"<!-- This site is optimized with the Yoast SEO plugin v27.4 - https:\/\/yoast.com\/product\/yoast-seo-wordpress\/ -->\n<title>Mein Konto l\u00f6schen<\/title>\n<meta name=\"description\" content=\"German-Workout\" \/>\n<meta name=\"robots\" content=\"index, follow, max-snippet:-1, max-image-preview:large, max-video-preview:-1\" \/>\n<link rel=\"canonical\" href=\"https:\/\/www.german-workout.com\/de\/mein-konto-loeschen-2\/\" \/>\n<meta property=\"og:locale\" content=\"de_DE\" \/>\n<meta property=\"og:type\" content=\"article\" \/>\n<meta property=\"og:title\" content=\"Mein Konto l\u00f6schen\" \/>\n<meta property=\"og:description\" content=\"German-Workout\" \/>\n<meta property=\"og:url\" content=\"https:\/\/www.german-workout.com\/de\/mein-konto-loeschen-2\/\" \/>\n<meta property=\"og:site_name\" content=\"German-Workout\" \/>\n<meta property=\"article:publisher\" content=\"https:\/\/www.facebook.com\/german.workout\/\" \/>\n<meta property=\"article:modified_time\" content=\"2024-08-16T12:39:36+00:00\" \/>\n<meta property=\"og:image\" content=\"https:\/\/www.german-workout.com\/wp-content\/uploads\/2024\/05\/German-Workout-Logo-full.png\" \/>\n\t<meta property=\"og:image:width\" content=\"997\" \/>\n\t<meta property=\"og:image:height\" content=\"608\" \/>\n\t<meta property=\"og:image:type\" content=\"image\/png\" \/>\n<meta name=\"twitter:card\" content=\"summary_large_image\" \/>\n<meta name=\"twitter:label1\" content=\"Gesch\u00e4tzte Lesezeit\" \/>\n\t<meta name=\"twitter:data1\" content=\"1\u00a0Minute\" \/>\n<script type=\"application\/ld+json\" class=\"yoast-schema-graph\">{\"@context\":\"https:\\\/\\\/schema.org\",\"@graph\":[{\"@type\":\"WebPage\",\"@id\":\"https:\\\/\\\/www.german-workout.com\\\/de\\\/mein-konto-loeschen-2\\\/\",\"url\":\"https:\\\/\\\/www.german-workout.com\\\/de\\\/mein-konto-loeschen-2\\\/\",\"name\":\"Mein Konto l\u00f6schen\",\"isPartOf\":{\"@id\":\"https:\\\/\\\/www.german-workout.com\\\/de\\\/#website\"},\"datePublished\":\"2024-05-19T21:07:41+00:00\",\"dateModified\":\"2024-08-16T12:39:36+00:00\",\"description\":\"German-Workout\",\"breadcrumb\":{\"@id\":\"https:\\\/\\\/www.german-workout.com\\\/de\\\/mein-konto-loeschen-2\\\/#breadcrumb\"},\"inLanguage\":\"de\",\"potentialAction\":[{\"@type\":\"ReadAction\",\"target\":[\"https:\\\/\\\/www.german-workout.com\\\/de\\\/mein-konto-loeschen-2\\\/\"]}]},{\"@type\":\"BreadcrumbList\",\"@id\":\"https:\\\/\\\/www.german-workout.com\\\/de\\\/mein-konto-loeschen-2\\\/#breadcrumb\",\"itemListElement\":[{\"@type\":\"ListItem\",\"position\":1,\"name\":\"Home\",\"item\":\"https:\\\/\\\/www.german-workout.com\\\/de\\\/german-workout-deutsch-lernen-ohne-lehrer\\\/\"},{\"@type\":\"ListItem\",\"position\":2,\"name\":\"Mein Konto l\u00f6schen\"}]},{\"@type\":\"WebSite\",\"@id\":\"https:\\\/\\\/www.german-workout.com\\\/de\\\/#website\",\"url\":\"https:\\\/\\\/www.german-workout.com\\\/de\\\/\",\"name\":\"German-Workout\",\"description\":\"Your German language training platform\",\"publisher\":{\"@id\":\"https:\\\/\\\/www.german-workout.com\\\/de\\\/#organization\"},\"potentialAction\":[{\"@type\":\"SearchAction\",\"target\":{\"@type\":\"EntryPoint\",\"urlTemplate\":\"https:\\\/\\\/www.german-workout.com\\\/de\\\/?s={search_term_string}\"},\"query-input\":{\"@type\":\"PropertyValueSpecification\",\"valueRequired\":true,\"valueName\":\"search_term_string\"}}],\"inLanguage\":\"de\"},{\"@type\":\"Organization\",\"@id\":\"https:\\\/\\\/www.german-workout.com\\\/de\\\/#organization\",\"name\":\"German-Workout\",\"url\":\"https:\\\/\\\/www.german-workout.com\\\/de\\\/\",\"logo\":{\"@type\":\"ImageObject\",\"inLanguage\":\"de\",\"@id\":\"https:\\\/\\\/www.german-workout.com\\\/de\\\/#\\\/schema\\\/logo\\\/image\\\/\",\"url\":\"https:\\\/\\\/www.german-workout.com\\\/wp-content\\\/uploads\\\/2024\\\/04\\\/Logo-End1.png\",\"contentUrl\":\"https:\\\/\\\/www.german-workout.com\\\/wp-content\\\/uploads\\\/2024\\\/04\\\/Logo-End1.png\",\"width\":698,\"height\":608,\"caption\":\"German-Workout\"},\"image\":{\"@id\":\"https:\\\/\\\/www.german-workout.com\\\/de\\\/#\\\/schema\\\/logo\\\/image\\\/\"},\"sameAs\":[\"https:\\\/\\\/www.facebook.com\\\/german.workout\\\/\"]}]}<\/script>\n<!-- \/ Yoast SEO plugin. -->","yoast_head_json":{"title":"Mein Konto l\u00f6schen","description":"German-Workout","robots":{"index":"index","follow":"follow","max-snippet":"max-snippet:-1","max-image-preview":"max-image-preview:large","max-video-preview":"max-video-preview:-1"},"canonical":"https:\/\/www.german-workout.com\/de\/mein-konto-loeschen-2\/","og_locale":"de_DE","og_type":"article","og_title":"Mein Konto l\u00f6schen","og_description":"German-Workout","og_url":"https:\/\/www.german-workout.com\/de\/mein-konto-loeschen-2\/","og_site_name":"German-Workout","article_publisher":"https:\/\/www.facebook.com\/german.workout\/","article_modified_time":"2024-08-16T12:39:36+00:00","og_image":[{"width":997,"height":608,"url":"https:\/\/www.german-workout.com\/wp-content\/uploads\/2024\/05\/German-Workout-Logo-full.png","type":"image\/png"}],"twitter_card":"summary_large_image","twitter_misc":{"Gesch\u00e4tzte Lesezeit":"1\u00a0Minute"},"schema":{"@context":"https:\/\/schema.org","@graph":[{"@type":"WebPage","@id":"https:\/\/www.german-workout.com\/de\/mein-konto-loeschen-2\/","url":"https:\/\/www.german-workout.com\/de\/mein-konto-loeschen-2\/","name":"Mein Konto l\u00f6schen","isPartOf":{"@id":"https:\/\/www.german-workout.com\/de\/#website"},"datePublished":"2024-05-19T21:07:41+00:00","dateModified":"2024-08-16T12:39:36+00:00","description":"German-Workout","breadcrumb":{"@id":"https:\/\/www.german-workout.com\/de\/mein-konto-loeschen-2\/#breadcrumb"},"inLanguage":"de","potentialAction":[{"@type":"ReadAction","target":["https:\/\/www.german-workout.com\/de\/mein-konto-loeschen-2\/"]}]},{"@type":"BreadcrumbList","@id":"https:\/\/www.german-workout.com\/de\/mein-konto-loeschen-2\/#breadcrumb","itemListElement":[{"@type":"ListItem","position":1,"name":"Home","item":"https:\/\/www.german-workout.com\/de\/german-workout-deutsch-lernen-ohne-lehrer\/"},{"@type":"ListItem","position":2,"name":"Mein Konto l\u00f6schen"}]},{"@type":"WebSite","@id":"https:\/\/www.german-workout.com\/de\/#website","url":"https:\/\/www.german-workout.com\/de\/","name":"German-Workout","description":"Your German language training platform","publisher":{"@id":"https:\/\/www.german-workout.com\/de\/#organization"},"potentialAction":[{"@type":"SearchAction","target":{"@type":"EntryPoint","urlTemplate":"https:\/\/www.german-workout.com\/de\/?s={search_term_string}"},"query-input":{"@type":"PropertyValueSpecification","valueRequired":true,"valueName":"search_term_string"}}],"inLanguage":"de"},{"@type":"Organization","@id":"https:\/\/www.german-workout.com\/de\/#organization","name":"German-Workout","url":"https:\/\/www.german-workout.com\/de\/","logo":{"@type":"ImageObject","inLanguage":"de","@id":"https:\/\/www.german-workout.com\/de\/#\/schema\/logo\/image\/","url":"https:\/\/www.german-workout.com\/wp-content\/uploads\/2024\/04\/Logo-End1.png","contentUrl":"https:\/\/www.german-workout.com\/wp-content\/uploads\/2024\/04\/Logo-End1.png","width":698,"height":608,"caption":"German-Workout"},"image":{"@id":"https:\/\/www.german-workout.com\/de\/#\/schema\/logo\/image\/"},"sameAs":["https:\/\/www.facebook.com\/german.workout\/"]}]}},"_links":{"self":[{"href":"https:\/\/www.german-workout.com\/de\/wp-json\/wp\/v2\/pages\/174","targetHints":{"allow":["GET"]}}],"collection":[{"href":"https:\/\/www.german-workout.com\/de\/wp-json\/wp\/v2\/pages"}],"about":[{"href":"https:\/\/www.german-workout.com\/de\/wp-json\/wp\/v2\/types\/page"}],"author":[{"embeddable":true,"href":"https:\/\/www.german-workout.com\/de\/wp-json\/wp\/v2\/users\/1"}],"replies":[{"embeddable":true,"href":"https:\/\/www.german-workout.com\/de\/wp-json\/wp\/v2\/comments?post=174"}],"version-history":[{"count":0,"href":"https:\/\/www.german-workout.com\/de\/wp-json\/wp\/v2\/pages\/174\/revisions"}],"wp:attachment":[{"href":"https:\/\/www.german-workout.com\/de\/wp-json\/wp\/v2\/media?parent=174"}],"curies":[{"name":"wp","href":"https:\/\/api.w.org\/{rel}","templated":true}]}}