{"id":170,"date":"2022-05-19T23:06:59","date_gmt":"2022-05-19T21:06:59","guid":{"rendered":"http:\/\/192.168.178.185\/wp\/?page_id=170"},"modified":"2024-08-17T13:01:51","modified_gmt":"2024-08-17T11:01:51","slug":"impressum","status":"publish","type":"page","link":"https:\/\/www.german-workout.com\/de\/impressum\/","title":{"rendered":"Impressum"},"content":{"rendered":"\t\t<div data-elementor-type=\"wp-page\" data-elementor-id=\"170\" class=\"elementor elementor-170\" data-elementor-post-type=\"page\">\n\t\t\t\t<div class=\"elementor-element elementor-element-1c6c31b e-flex e-con-boxed e-con e-parent\" data-id=\"1c6c31b\" data-element_type=\"container\" data-e-type=\"container\">\n\t\t\t\t\t<div class=\"e-con-inner\">\n\t\t\t\t<div class=\"elementor-element elementor-element-8ed5d04 elementor-widget elementor-widget-text-editor\" data-id=\"8ed5d04\" data-element_type=\"widget\" data-e-type=\"widget\" data-widget_type=\"text-editor.default\">\n\t\t\t\t<div class=\"elementor-widget-container\">\n\t\t\t\t\t\t\t\t\t<p>Verantwortlich f\u00fcr den Inhalt dieser Webseite im Sinne des Telemediengesetzes (TMG) und des Rundfunkstaatsvertrags (RStV):<\/p><p><strong>3T-SPRACHWORKOUT<\/strong> <strong>GmbH<\/strong>, Urbanstra\u00dfe 71, 3. Hof, 4.TRH, 1.OG, 10967 Berlin, Deutschland<\/p><p><span style=\"text-align: var(--text-align);\">E-Mail: <\/span><a style=\"text-align: var(--text-align); background-color: #ffffff; color: #000000;\" target=\"_new\" rel=\"noreferrer\">info@german-workout.com<\/a><\/p><p>Telefon: +49 (0) 30 65862465<\/p><p>Vertretungsberechtigte Gesch\u00e4ftsf\u00fchrerin: <strong>Dr. Ngo, Thi Chau Trinh<\/strong><\/p><p>Umsatzsteuer-Identifikationsnummer gem\u00e4\u00df \u00a7 27a Umsatzsteuergesetz: DE368387370<\/p><p>Zust\u00e4ndiges Amtsgericht: Amtsgericht Berlin (Charlottenburg)\u00a0<\/p><p>Handelsregisternummer: HRB 264480<\/p><p>Hinweis gem\u00e4\u00df \u00a7 36 Verbraucherstreitbeilegungsgesetz (VSBG): Wir sind nicht bereit und nicht verpflichtet, an Streitbeilegungsverfahren vor einer Verbraucherschlichtungsstelle teilzunehmen.<\/p><p>Haftungsausschluss: Die Inhalte unserer Webseite wurden mit gr\u00f6\u00dftm\u00f6glicher Sorgfalt erstellt. F\u00fcr die Richtigkeit, Vollst\u00e4ndigkeit und Aktualit\u00e4t der Inhalte k\u00f6nnen wir jedoch keine Gew\u00e4hr \u00fcbernehmen. Als Diensteanbieter sind wir gem\u00e4\u00df \u00a7 7 Abs.1 TMG f\u00fcr eigene Inhalte auf diesen Seiten nach den allgemeinen Gesetzen verantwortlich. Nach \u00a7\u00a7 8 bis 10 TMG sind wir als Diensteanbieter jedoch nicht verpflichtet, \u00fcbermittelte oder gespeicherte fremde Informationen zu \u00fcberwachen oder nach Umst\u00e4nden zu forschen, die auf eine rechtswidrige T\u00e4tigkeit hinweisen. Eine Verpflichtung zur Entfernung oder Sperrung der Nutzung von Informationen nach den allgemeinen Gesetzen bleibt hiervon unber\u00fchrt. Eine diesbez\u00fcgliche Haftung ist jedoch erst ab dem Zeitpunkt der Kenntnis einer konkreten Rechtsverletzung m\u00f6glich. Bei Bekanntwerden von entsprechenden Rechtsverletzungen werden wir diese Inhalte umgehend entfernen.<\/p><p>Urheberrecht: Die durch die Seitenbetreiber erstellten Inhalte und Werke auf dieser Webseite unterliegen dem deutschen Urheberrecht. Die Vervielf\u00e4ltigung, Bearbeitung, Verbreitung und jede Art der Verwertung au\u00dferhalb der Grenzen des Urheberrechts bed\u00fcrfen der schriftlichen Zustimmung des jeweiligen Autors bzw. Erstellers. Downloads und Kopien dieser Seite sind nur f\u00fcr den privaten, nicht kommerziellen Gebrauch gestattet. Soweit die Inhalte auf dieser Seite nicht vom Betreiber erstellt wurden, werden die Urheberrechte Dritter beachtet. Insbesondere werden Inhalte Dritter als solche gekennzeichnet. Sollten Sie trotzdem auf eine Urheberrechtsverletzung aufmerksam werden, bitten wir um einen entsprechenden Hinweis. Bei Bekanntwerden von Rechtsverletzungen werden wir derartige Inhalte umgehend entfernen.<\/p>\t\t\t\t\t\t\t\t<\/div>\n\t\t\t\t<\/div>\n\t\t\t\t\t<\/div>\n\t\t\t\t<\/div>\n\t\t\t\t<\/div>\n\t\t","protected":false},"excerpt":{"rendered":"<p>Verantwortlich f\u00fcr den Inhalt dieser Webseite im Sinne des Telemediengesetzes (TMG) und des Rundfunkstaatsvertrags (RStV): 3T-SPRACHWORKOUT GmbH, Urbanstra\u00dfe 71, 3. Hof, 4.TRH, 1.OG, 10967 Berlin, Deutschland E-Mail: info@german-workout.com Telefon: +49 (0) 30 65862465 Vertretungsberechtigte Gesch\u00e4ftsf\u00fchrerin: Dr. Ngo, Thi Chau Trinh Umsatzsteuer-Identifikationsnummer gem\u00e4\u00df \u00a7 27a Umsatzsteuergesetz: DE368387370 Zust\u00e4ndiges Amtsgericht: Amtsgericht Berlin (Charlottenburg)\u00a0 Handelsregisternummer: HRB 264480 Hinweis [&hellip;]<\/p>\n","protected":false},"author":1,"featured_media":0,"parent":0,"menu_order":0,"comment_status":"closed","ping_status":"closed","template":"","meta":{"_sitemap_exclude":false,"_sitemap_priority":"","_sitemap_frequency":"","footnotes":""},"class_list":["post-170","page","type-page","status-publish","hentry"],"yoast_head":"<!-- This site is optimized with the Yoast SEO plugin v27.4 - https:\/\/yoast.com\/product\/yoast-seo-wordpress\/ -->\n<title>Impressum<\/title>\n<meta name=\"description\" content=\"German-Workout\" \/>\n<meta name=\"robots\" content=\"index, follow, max-snippet:-1, max-image-preview:large, max-video-preview:-1\" \/>\n<link rel=\"canonical\" href=\"https:\/\/www.german-workout.com\/de\/impressum\/\" \/>\n<meta property=\"og:locale\" content=\"de_DE\" \/>\n<meta property=\"og:type\" content=\"article\" \/>\n<meta property=\"og:title\" content=\"Impressum\" \/>\n<meta property=\"og:description\" content=\"German-Workout\" \/>\n<meta property=\"og:url\" content=\"https:\/\/www.german-workout.com\/de\/impressum\/\" \/>\n<meta property=\"og:site_name\" content=\"German-Workout\" \/>\n<meta property=\"article:publisher\" content=\"https:\/\/www.facebook.com\/german.workout\/\" \/>\n<meta property=\"article:modified_time\" content=\"2024-08-17T11:01:51+00:00\" \/>\n<meta property=\"og:image\" content=\"https:\/\/www.german-workout.com\/wp-content\/uploads\/2024\/05\/German-Workout-Logo-full.png\" \/>\n\t<meta property=\"og:image:width\" content=\"997\" \/>\n\t<meta property=\"og:image:height\" content=\"608\" \/>\n\t<meta property=\"og:image:type\" content=\"image\/png\" \/>\n<meta name=\"twitter:card\" content=\"summary_large_image\" \/>\n<meta name=\"twitter:label1\" content=\"Gesch\u00e4tzte Lesezeit\" \/>\n\t<meta name=\"twitter:data1\" content=\"2\u00a0Minuten\" \/>\n<script type=\"application\/ld+json\" class=\"yoast-schema-graph\">{\"@context\":\"https:\\\/\\\/schema.org\",\"@graph\":[{\"@type\":\"WebPage\",\"@id\":\"https:\\\/\\\/www.german-workout.com\\\/de\\\/impressum\\\/\",\"url\":\"https:\\\/\\\/www.german-workout.com\\\/de\\\/impressum\\\/\",\"name\":\"Impressum\",\"isPartOf\":{\"@id\":\"https:\\\/\\\/www.german-workout.com\\\/de\\\/#website\"},\"datePublished\":\"2022-05-19T21:06:59+00:00\",\"dateModified\":\"2024-08-17T11:01:51+00:00\",\"description\":\"German-Workout\",\"breadcrumb\":{\"@id\":\"https:\\\/\\\/www.german-workout.com\\\/de\\\/impressum\\\/#breadcrumb\"},\"inLanguage\":\"de\",\"potentialAction\":[{\"@type\":\"ReadAction\",\"target\":[\"https:\\\/\\\/www.german-workout.com\\\/de\\\/impressum\\\/\"]}]},{\"@type\":\"BreadcrumbList\",\"@id\":\"https:\\\/\\\/www.german-workout.com\\\/de\\\/impressum\\\/#breadcrumb\",\"itemListElement\":[{\"@type\":\"ListItem\",\"position\":1,\"name\":\"Home\",\"item\":\"https:\\\/\\\/www.german-workout.com\\\/de\\\/german-workout-deutsch-lernen-ohne-lehrer\\\/\"},{\"@type\":\"ListItem\",\"position\":2,\"name\":\"Impressum\"}]},{\"@type\":\"WebSite\",\"@id\":\"https:\\\/\\\/www.german-workout.com\\\/de\\\/#website\",\"url\":\"https:\\\/\\\/www.german-workout.com\\\/de\\\/\",\"name\":\"German-Workout\",\"description\":\"Your German language training platform\",\"publisher\":{\"@id\":\"https:\\\/\\\/www.german-workout.com\\\/de\\\/#organization\"},\"potentialAction\":[{\"@type\":\"SearchAction\",\"target\":{\"@type\":\"EntryPoint\",\"urlTemplate\":\"https:\\\/\\\/www.german-workout.com\\\/de\\\/?s={search_term_string}\"},\"query-input\":{\"@type\":\"PropertyValueSpecification\",\"valueRequired\":true,\"valueName\":\"search_term_string\"}}],\"inLanguage\":\"de\"},{\"@type\":\"Organization\",\"@id\":\"https:\\\/\\\/www.german-workout.com\\\/de\\\/#organization\",\"name\":\"German-Workout\",\"url\":\"https:\\\/\\\/www.german-workout.com\\\/de\\\/\",\"logo\":{\"@type\":\"ImageObject\",\"inLanguage\":\"de\",\"@id\":\"https:\\\/\\\/www.german-workout.com\\\/de\\\/#\\\/schema\\\/logo\\\/image\\\/\",\"url\":\"https:\\\/\\\/www.german-workout.com\\\/wp-content\\\/uploads\\\/2024\\\/04\\\/Logo-End1.png\",\"contentUrl\":\"https:\\\/\\\/www.german-workout.com\\\/wp-content\\\/uploads\\\/2024\\\/04\\\/Logo-End1.png\",\"width\":698,\"height\":608,\"caption\":\"German-Workout\"},\"image\":{\"@id\":\"https:\\\/\\\/www.german-workout.com\\\/de\\\/#\\\/schema\\\/logo\\\/image\\\/\"},\"sameAs\":[\"https:\\\/\\\/www.facebook.com\\\/german.workout\\\/\"]}]}<\/script>\n<!-- \/ Yoast SEO plugin. -->","yoast_head_json":{"title":"Impressum","description":"German-Workout","robots":{"index":"index","follow":"follow","max-snippet":"max-snippet:-1","max-image-preview":"max-image-preview:large","max-video-preview":"max-video-preview:-1"},"canonical":"https:\/\/www.german-workout.com\/de\/impressum\/","og_locale":"de_DE","og_type":"article","og_title":"Impressum","og_description":"German-Workout","og_url":"https:\/\/www.german-workout.com\/de\/impressum\/","og_site_name":"German-Workout","article_publisher":"https:\/\/www.facebook.com\/german.workout\/","article_modified_time":"2024-08-17T11:01:51+00:00","og_image":[{"width":997,"height":608,"url":"https:\/\/www.german-workout.com\/wp-content\/uploads\/2024\/05\/German-Workout-Logo-full.png","type":"image\/png"}],"twitter_card":"summary_large_image","twitter_misc":{"Gesch\u00e4tzte Lesezeit":"2\u00a0Minuten"},"schema":{"@context":"https:\/\/schema.org","@graph":[{"@type":"WebPage","@id":"https:\/\/www.german-workout.com\/de\/impressum\/","url":"https:\/\/www.german-workout.com\/de\/impressum\/","name":"Impressum","isPartOf":{"@id":"https:\/\/www.german-workout.com\/de\/#website"},"datePublished":"2022-05-19T21:06:59+00:00","dateModified":"2024-08-17T11:01:51+00:00","description":"German-Workout","breadcrumb":{"@id":"https:\/\/www.german-workout.com\/de\/impressum\/#breadcrumb"},"inLanguage":"de","potentialAction":[{"@type":"ReadAction","target":["https:\/\/www.german-workout.com\/de\/impressum\/"]}]},{"@type":"BreadcrumbList","@id":"https:\/\/www.german-workout.com\/de\/impressum\/#breadcrumb","itemListElement":[{"@type":"ListItem","position":1,"name":"Home","item":"https:\/\/www.german-workout.com\/de\/german-workout-deutsch-lernen-ohne-lehrer\/"},{"@type":"ListItem","position":2,"name":"Impressum"}]},{"@type":"WebSite","@id":"https:\/\/www.german-workout.com\/de\/#website","url":"https:\/\/www.german-workout.com\/de\/","name":"German-Workout","description":"Your German language training platform","publisher":{"@id":"https:\/\/www.german-workout.com\/de\/#organization"},"potentialAction":[{"@type":"SearchAction","target":{"@type":"EntryPoint","urlTemplate":"https:\/\/www.german-workout.com\/de\/?s={search_term_string}"},"query-input":{"@type":"PropertyValueSpecification","valueRequired":true,"valueName":"search_term_string"}}],"inLanguage":"de"},{"@type":"Organization","@id":"https:\/\/www.german-workout.com\/de\/#organization","name":"German-Workout","url":"https:\/\/www.german-workout.com\/de\/","logo":{"@type":"ImageObject","inLanguage":"de","@id":"https:\/\/www.german-workout.com\/de\/#\/schema\/logo\/image\/","url":"https:\/\/www.german-workout.com\/wp-content\/uploads\/2024\/04\/Logo-End1.png","contentUrl":"https:\/\/www.german-workout.com\/wp-content\/uploads\/2024\/04\/Logo-End1.png","width":698,"height":608,"caption":"German-Workout"},"image":{"@id":"https:\/\/www.german-workout.com\/de\/#\/schema\/logo\/image\/"},"sameAs":["https:\/\/www.facebook.com\/german.workout\/"]}]}},"_links":{"self":[{"href":"https:\/\/www.german-workout.com\/de\/wp-json\/wp\/v2\/pages\/170","targetHints":{"allow":["GET"]}}],"collection":[{"href":"https:\/\/www.german-workout.com\/de\/wp-json\/wp\/v2\/pages"}],"about":[{"href":"https:\/\/www.german-workout.com\/de\/wp-json\/wp\/v2\/types\/page"}],"author":[{"embeddable":true,"href":"https:\/\/www.german-workout.com\/de\/wp-json\/wp\/v2\/users\/1"}],"replies":[{"embeddable":true,"href":"https:\/\/www.german-workout.com\/de\/wp-json\/wp\/v2\/comments?post=170"}],"version-history":[{"count":0,"href":"https:\/\/www.german-workout.com\/de\/wp-json\/wp\/v2\/pages\/170\/revisions"}],"wp:attachment":[{"href":"https:\/\/www.german-workout.com\/de\/wp-json\/wp\/v2\/media?parent=170"}],"curies":[{"name":"wp","href":"https:\/\/api.w.org\/{rel}","templated":true}]}}