{"id":13480,"date":"2024-06-25T20:28:00","date_gmt":"2024-06-25T18:28:00","guid":{"rendered":"https:\/\/www.german-workout.com\/?page_id=13480"},"modified":"2024-07-12T14:16:14","modified_gmt":"2024-07-12T12:16:14","slug":"widerrufsrecht","status":"publish","type":"page","link":"https:\/\/www.german-workout.com\/de\/widerrufsrecht\/","title":{"rendered":"Widerrufsrecht"},"content":{"rendered":"\t\t<div data-elementor-type=\"wp-page\" data-elementor-id=\"13480\" class=\"elementor elementor-13480\" data-elementor-post-type=\"page\">\n\t\t\t\t<div class=\"elementor-element elementor-element-d362619 e-flex e-con-boxed e-con e-parent\" data-id=\"d362619\" data-element_type=\"container\" data-e-type=\"container\">\n\t\t\t\t\t<div class=\"e-con-inner\">\n\t\t\t\t<div class=\"elementor-element elementor-element-d78e370 elementor-widget elementor-widget-text-editor\" data-id=\"d78e370\" data-element_type=\"widget\" data-e-type=\"widget\" data-widget_type=\"text-editor.default\">\n\t\t\t\t<div class=\"elementor-widget-container\">\n\t\t\t\t\t\t\t\t\t<p><span style=\"text-decoration: underline;\">Widerrufsbelehrung<\/span><\/p><p>Widerrufsbelehrung nach EGBGB Anlage 1 zu Art. 246a \u00a7 1 Abs. 2 Satz 2. Fundstelle: BGBl. I 2013, 3642 &#8211; 3670<\/p>\t\t\t\t\t\t\t\t<\/div>\n\t\t\t\t<\/div>\n\t\t\t\t<div class=\"elementor-element elementor-element-f206d3f elementor-widget elementor-widget-heading\" data-id=\"f206d3f\" data-element_type=\"widget\" data-e-type=\"widget\" data-widget_type=\"heading.default\">\n\t\t\t\t<div class=\"elementor-widget-container\">\n\t\t\t\t\t<h2 class=\"elementor-heading-title elementor-size-default\">Widerrufsbelehrung<\/h2>\t\t\t\t<\/div>\n\t\t\t\t<\/div>\n\t\t\t\t<div class=\"elementor-element elementor-element-9af6e0b elementor-widget elementor-widget-text-editor\" data-id=\"9af6e0b\" data-element_type=\"widget\" data-e-type=\"widget\" data-widget_type=\"text-editor.default\">\n\t\t\t\t<div class=\"elementor-widget-container\">\n\t\t\t\t\t\t\t\t\t<p><strong>Widerrufsrecht<\/strong><\/p><p>Sie haben das Recht, binnen vierzehn Tagen ohne Angabe von Gr\u00fcnden diesen Vertrag zu widerrufen.<\/p><p>Die Widerrufsfrist betr\u00e4gt vierzehn Tage ab dem Tag des Vertragsschlusses. Um Ihr Widerrufsrecht auszu\u00fcben, m\u00fcssen Sie uns,<\/p><p><strong>3T-Sprachworkout,<\/strong> Urbanstra\u00dfe 71, 3. Hof, 4. TRH. 1.OG, 10967 Berlin, Tel. +49 (0) 30 65862467, info@german-workout.com,<\/p><p>mittels einer eindeutigen Erkl\u00e4rung (z. B. ein mit der Post versandter Brief oder E-Mail) \u00fcber Ihren Entschluss, diesen Vertrag zu widerrufen, informieren. Sie k\u00f6nnen daf\u00fcr das hier verlinkte\u00a0<a href=\"https:\/\/www.german-workout.com\/wp-content\/uploads\/2024\/07\/Muster-Widerrufsformular.pdf\" target=\"_blank\" rel=\"noopener\">Muster Widerrufsformular<\/a> verwenden, das jedoch nicht vorgeschrieben ist.<\/p><p><span style=\"text-align: var(--text-align);\">Sie k\u00f6nnen das Muster-Widerrufsformular oder eine andere eindeutige Erkl\u00e4rung auch auf unserer Webseite unter: <a href=\"https:\/\/www.german-workout.com\/widerrufsformular\">https:\/\/www.german-workout.com\/widerrufsformular<\/a>\u00a0 elektronisch ausf\u00fcllen und \u00fcbermitteln. Machen Sie von dieser M\u00f6glichkeit Gebrauch, so werden wir Ihnen unverz\u00fcglich (z. B. per E-Mail) eine Best\u00e4tigung \u00fcber den Eingang eines solchen Widerrufs \u00fcbermitteln.<\/span><\/p><p>Zur Wahrung der Widerrufsfrist reicht es aus, dass Sie die Mitteilung \u00fcber die Aus\u00fcbung des Widerrufsrechts vor Ablauf der Widerrufsfrist absenden.<\/p>\t\t\t\t\t\t\t\t<\/div>\n\t\t\t\t<\/div>\n\t\t\t\t<div class=\"elementor-element elementor-element-e2323bd elementor-widget elementor-widget-text-editor\" data-id=\"e2323bd\" data-element_type=\"widget\" data-e-type=\"widget\" data-widget_type=\"text-editor.default\">\n\t\t\t\t<div class=\"elementor-widget-container\">\n\t\t\t\t\t\t\t\t\t<p><strong>Folgen des Widerrufs<\/strong><\/p><p>Wenn Sie diesen Vertrag widerrufen, haben wir Ihnen alle Zahlungen, die wir von Ihnen erhalten haben, einschlie\u00dflich der Lieferkosten (mit Ausnahme der zus\u00e4tzlichen Kosten, die sich daraus ergeben, dass Sie eine andere Art der Lieferung als die von uns angebotene, g\u00fcnstigste Standardlieferung gew\u00e4hlt haben), unverz\u00fcglich und sp\u00e4testens binnen vierzehn Tagen ab dem Tag zur\u00fcckzuzahlen, an dem die Mitteilung \u00fcber Ihren Widerruf dieses Vertrags bei uns eingegangen ist. F\u00fcr diese R\u00fcckzahlung verwenden wir dasselbe Zahlungsmittel, das Sie bei der urspr\u00fcnglichen Transaktion eingesetzt haben, es sei denn, mit Ihnen wurde ausdr\u00fccklich etwas anderes vereinbart; in keinem Fall werden Ihnen wegen dieser R\u00fcckzahlung Entgelte berechnet.<\/p><p>Haben Sie verlangt, dass die Dienstleistungen w\u00e4hrend der Widerrufsfrist beginnen soll, so haben Sie uns einen angemessenen Betrag zu zahlen, der dem Anteil der bis zu dem Zeitpunkt, zu dem Sie uns von der Aus\u00fcbung des Widerrufsrechts hinsichtlich dieses Vertrags unterrichten, bereits erbrachten Dienstleistungen im Vergleich zum Gesamtumfang der im Vertrag vorgesehenen Dienstleistungen entspricht.<\/p>\t\t\t\t\t\t\t\t<\/div>\n\t\t\t\t<\/div>\n\t\t\t\t\t<\/div>\n\t\t\t\t<\/div>\n\t\t<div class=\"elementor-element elementor-element-b993391 e-flex e-con-boxed e-con e-parent\" data-id=\"b993391\" data-element_type=\"container\" data-e-type=\"container\">\n\t\t\t\t\t<div class=\"e-con-inner\">\n\t\t\t\t<div class=\"elementor-element elementor-element-71a5bc7 elementor-widget elementor-widget-spacer\" data-id=\"71a5bc7\" data-element_type=\"widget\" data-e-type=\"widget\" data-widget_type=\"spacer.default\">\n\t\t\t\t<div class=\"elementor-widget-container\">\n\t\t\t\t\t\t\t<div class=\"elementor-spacer\">\n\t\t\t<div class=\"elementor-spacer-inner\"><\/div>\n\t\t<\/div>\n\t\t\t\t\t\t<\/div>\n\t\t\t\t<\/div>\n\t\t\t\t\t<\/div>\n\t\t\t\t<\/div>\n\t\t\t\t<\/div>\n\t\t","protected":false},"excerpt":{"rendered":"<p>Widerrufsbelehrung Widerrufsbelehrung nach EGBGB Anlage 1 zu Art. 246a \u00a7 1 Abs. 2 Satz 2. Fundstelle: BGBl. I 2013, 3642 &#8211; 3670 Widerrufsbelehrung Widerrufsrecht Sie haben das Recht, binnen vierzehn Tagen ohne Angabe von Gr\u00fcnden diesen Vertrag zu widerrufen. Die Widerrufsfrist betr\u00e4gt vierzehn Tage ab dem Tag des Vertragsschlusses. Um Ihr Widerrufsrecht auszu\u00fcben, m\u00fcssen Sie [&hellip;]<\/p>\n","protected":false},"author":1,"featured_media":0,"parent":0,"menu_order":0,"comment_status":"closed","ping_status":"closed","template":"","meta":{"_sitemap_exclude":false,"_sitemap_priority":"","_sitemap_frequency":"","footnotes":""},"class_list":["post-13480","page","type-page","status-publish","hentry"],"yoast_head":"<!-- This site is optimized with the Yoast SEO plugin v27.4 - https:\/\/yoast.com\/product\/yoast-seo-wordpress\/ -->\n<title>Widerrufsrecht<\/title>\n<meta name=\"description\" content=\"German-Workout\" \/>\n<meta name=\"robots\" content=\"index, follow, max-snippet:-1, max-image-preview:large, max-video-preview:-1\" \/>\n<link rel=\"canonical\" href=\"https:\/\/www.german-workout.com\/de\/widerrufsrecht\/\" \/>\n<meta property=\"og:locale\" content=\"de_DE\" \/>\n<meta property=\"og:type\" content=\"article\" \/>\n<meta property=\"og:title\" content=\"Widerrufsrecht\" \/>\n<meta property=\"og:description\" content=\"German-Workout\" \/>\n<meta property=\"og:url\" content=\"https:\/\/www.german-workout.com\/de\/widerrufsrecht\/\" \/>\n<meta property=\"og:site_name\" content=\"German-Workout\" \/>\n<meta property=\"article:publisher\" content=\"https:\/\/www.facebook.com\/german.workout\/\" \/>\n<meta property=\"article:modified_time\" content=\"2024-07-12T12:16:14+00:00\" \/>\n<meta property=\"og:image\" content=\"https:\/\/www.german-workout.com\/wp-content\/uploads\/2024\/05\/German-Workout-Logo-full.png\" \/>\n\t<meta property=\"og:image:width\" content=\"997\" \/>\n\t<meta property=\"og:image:height\" content=\"608\" \/>\n\t<meta property=\"og:image:type\" content=\"image\/png\" \/>\n<meta name=\"twitter:card\" content=\"summary_large_image\" \/>\n<meta name=\"twitter:label1\" content=\"Gesch\u00e4tzte Lesezeit\" \/>\n\t<meta name=\"twitter:data1\" content=\"2\u00a0Minuten\" \/>\n<script type=\"application\/ld+json\" class=\"yoast-schema-graph\">{\"@context\":\"https:\\\/\\\/schema.org\",\"@graph\":[{\"@type\":\"WebPage\",\"@id\":\"https:\\\/\\\/www.german-workout.com\\\/de\\\/widerrufsrecht\\\/\",\"url\":\"https:\\\/\\\/www.german-workout.com\\\/de\\\/widerrufsrecht\\\/\",\"name\":\"Widerrufsrecht\",\"isPartOf\":{\"@id\":\"https:\\\/\\\/www.german-workout.com\\\/de\\\/#website\"},\"datePublished\":\"2024-06-25T18:28:00+00:00\",\"dateModified\":\"2024-07-12T12:16:14+00:00\",\"description\":\"German-Workout\",\"breadcrumb\":{\"@id\":\"https:\\\/\\\/www.german-workout.com\\\/de\\\/widerrufsrecht\\\/#breadcrumb\"},\"inLanguage\":\"de\",\"potentialAction\":[{\"@type\":\"ReadAction\",\"target\":[\"https:\\\/\\\/www.german-workout.com\\\/de\\\/widerrufsrecht\\\/\"]}]},{\"@type\":\"BreadcrumbList\",\"@id\":\"https:\\\/\\\/www.german-workout.com\\\/de\\\/widerrufsrecht\\\/#breadcrumb\",\"itemListElement\":[{\"@type\":\"ListItem\",\"position\":1,\"name\":\"Home\",\"item\":\"https:\\\/\\\/www.german-workout.com\\\/de\\\/german-workout-deutsch-lernen-ohne-lehrer\\\/\"},{\"@type\":\"ListItem\",\"position\":2,\"name\":\"Widerrufsrecht\"}]},{\"@type\":\"WebSite\",\"@id\":\"https:\\\/\\\/www.german-workout.com\\\/de\\\/#website\",\"url\":\"https:\\\/\\\/www.german-workout.com\\\/de\\\/\",\"name\":\"German-Workout\",\"description\":\"Your German language training platform\",\"publisher\":{\"@id\":\"https:\\\/\\\/www.german-workout.com\\\/de\\\/#organization\"},\"potentialAction\":[{\"@type\":\"SearchAction\",\"target\":{\"@type\":\"EntryPoint\",\"urlTemplate\":\"https:\\\/\\\/www.german-workout.com\\\/de\\\/?s={search_term_string}\"},\"query-input\":{\"@type\":\"PropertyValueSpecification\",\"valueRequired\":true,\"valueName\":\"search_term_string\"}}],\"inLanguage\":\"de\"},{\"@type\":\"Organization\",\"@id\":\"https:\\\/\\\/www.german-workout.com\\\/de\\\/#organization\",\"name\":\"German-Workout\",\"url\":\"https:\\\/\\\/www.german-workout.com\\\/de\\\/\",\"logo\":{\"@type\":\"ImageObject\",\"inLanguage\":\"de\",\"@id\":\"https:\\\/\\\/www.german-workout.com\\\/de\\\/#\\\/schema\\\/logo\\\/image\\\/\",\"url\":\"https:\\\/\\\/www.german-workout.com\\\/wp-content\\\/uploads\\\/2024\\\/04\\\/Logo-End1.png\",\"contentUrl\":\"https:\\\/\\\/www.german-workout.com\\\/wp-content\\\/uploads\\\/2024\\\/04\\\/Logo-End1.png\",\"width\":698,\"height\":608,\"caption\":\"German-Workout\"},\"image\":{\"@id\":\"https:\\\/\\\/www.german-workout.com\\\/de\\\/#\\\/schema\\\/logo\\\/image\\\/\"},\"sameAs\":[\"https:\\\/\\\/www.facebook.com\\\/german.workout\\\/\"]}]}<\/script>\n<!-- \/ Yoast SEO plugin. -->","yoast_head_json":{"title":"Widerrufsrecht","description":"German-Workout","robots":{"index":"index","follow":"follow","max-snippet":"max-snippet:-1","max-image-preview":"max-image-preview:large","max-video-preview":"max-video-preview:-1"},"canonical":"https:\/\/www.german-workout.com\/de\/widerrufsrecht\/","og_locale":"de_DE","og_type":"article","og_title":"Widerrufsrecht","og_description":"German-Workout","og_url":"https:\/\/www.german-workout.com\/de\/widerrufsrecht\/","og_site_name":"German-Workout","article_publisher":"https:\/\/www.facebook.com\/german.workout\/","article_modified_time":"2024-07-12T12:16:14+00:00","og_image":[{"width":997,"height":608,"url":"https:\/\/www.german-workout.com\/wp-content\/uploads\/2024\/05\/German-Workout-Logo-full.png","type":"image\/png"}],"twitter_card":"summary_large_image","twitter_misc":{"Gesch\u00e4tzte Lesezeit":"2\u00a0Minuten"},"schema":{"@context":"https:\/\/schema.org","@graph":[{"@type":"WebPage","@id":"https:\/\/www.german-workout.com\/de\/widerrufsrecht\/","url":"https:\/\/www.german-workout.com\/de\/widerrufsrecht\/","name":"Widerrufsrecht","isPartOf":{"@id":"https:\/\/www.german-workout.com\/de\/#website"},"datePublished":"2024-06-25T18:28:00+00:00","dateModified":"2024-07-12T12:16:14+00:00","description":"German-Workout","breadcrumb":{"@id":"https:\/\/www.german-workout.com\/de\/widerrufsrecht\/#breadcrumb"},"inLanguage":"de","potentialAction":[{"@type":"ReadAction","target":["https:\/\/www.german-workout.com\/de\/widerrufsrecht\/"]}]},{"@type":"BreadcrumbList","@id":"https:\/\/www.german-workout.com\/de\/widerrufsrecht\/#breadcrumb","itemListElement":[{"@type":"ListItem","position":1,"name":"Home","item":"https:\/\/www.german-workout.com\/de\/german-workout-deutsch-lernen-ohne-lehrer\/"},{"@type":"ListItem","position":2,"name":"Widerrufsrecht"}]},{"@type":"WebSite","@id":"https:\/\/www.german-workout.com\/de\/#website","url":"https:\/\/www.german-workout.com\/de\/","name":"German-Workout","description":"Your German language training platform","publisher":{"@id":"https:\/\/www.german-workout.com\/de\/#organization"},"potentialAction":[{"@type":"SearchAction","target":{"@type":"EntryPoint","urlTemplate":"https:\/\/www.german-workout.com\/de\/?s={search_term_string}"},"query-input":{"@type":"PropertyValueSpecification","valueRequired":true,"valueName":"search_term_string"}}],"inLanguage":"de"},{"@type":"Organization","@id":"https:\/\/www.german-workout.com\/de\/#organization","name":"German-Workout","url":"https:\/\/www.german-workout.com\/de\/","logo":{"@type":"ImageObject","inLanguage":"de","@id":"https:\/\/www.german-workout.com\/de\/#\/schema\/logo\/image\/","url":"https:\/\/www.german-workout.com\/wp-content\/uploads\/2024\/04\/Logo-End1.png","contentUrl":"https:\/\/www.german-workout.com\/wp-content\/uploads\/2024\/04\/Logo-End1.png","width":698,"height":608,"caption":"German-Workout"},"image":{"@id":"https:\/\/www.german-workout.com\/de\/#\/schema\/logo\/image\/"},"sameAs":["https:\/\/www.facebook.com\/german.workout\/"]}]}},"_links":{"self":[{"href":"https:\/\/www.german-workout.com\/de\/wp-json\/wp\/v2\/pages\/13480","targetHints":{"allow":["GET"]}}],"collection":[{"href":"https:\/\/www.german-workout.com\/de\/wp-json\/wp\/v2\/pages"}],"about":[{"href":"https:\/\/www.german-workout.com\/de\/wp-json\/wp\/v2\/types\/page"}],"author":[{"embeddable":true,"href":"https:\/\/www.german-workout.com\/de\/wp-json\/wp\/v2\/users\/1"}],"replies":[{"embeddable":true,"href":"https:\/\/www.german-workout.com\/de\/wp-json\/wp\/v2\/comments?post=13480"}],"version-history":[{"count":0,"href":"https:\/\/www.german-workout.com\/de\/wp-json\/wp\/v2\/pages\/13480\/revisions"}],"wp:attachment":[{"href":"https:\/\/www.german-workout.com\/de\/wp-json\/wp\/v2\/media?parent=13480"}],"curies":[{"name":"wp","href":"https:\/\/api.w.org\/{rel}","templated":true}]}}